{"id":6600,"date":"2024-03-27T11:40:24","date_gmt":"2024-03-27T11:40:24","guid":{"rendered":"https:\/\/www.rzemieslnicza.pl\/?page_id=6600"},"modified":"2024-07-01T15:49:12","modified_gmt":"2024-07-01T15:49:12","slug":"mlegitymacja-szkolna","status":"publish","type":"page","link":"https:\/\/www.rzemieslnicza.pl\/uk\/mlegitymacja-szkolna\/","title":{"rendered":"\u0423\u0447\u043d\u0456\u0432\u0441\u044c\u043a\u0438\u0439 \u043a\u0432\u0438\u0442\u043e\u043a"},"content":{"rendered":"<div class=\"wpb-content-wrapper\"><div data-vc-full-width=\"true\" data-vc-full-width-init=\"false\" class=\"vc_row wpb_row vc_row-fluid vc_custom_1711538464132 vc_column-gap-35\"><div class=\"wpb_column vc_column_container vc_col-sm-8\"><div class=\"vc_column-inner vc_custom_1516095665984\"><div class=\"wpb_wrapper\">\n\t<div class=\"wpb_text_column wpb_content_element\" >\n\t\t<div class=\"wpb_wrapper\">\n\t\t\t<h2>Wyr\u00f3b sobie mLegitymacj\u0119 ju\u017c teraz<\/h2>\n<p>W naszej szkole mo\u017cliwe jest uzyskanie dokumentu elektronicznego \u2013 mLegitymacja.<br \/>\nWydanie i anulowanie mLegitymacji jest bezp\u0142atne!<br \/>\nDokument elektroniczny \u2013 mLegitymacja szkolna ma tak\u0105 sam\u0105 funkcj\u0119 i moc prawn\u0105, jak legitymacja wydana w wersji papierowej.<\/p>\n<p><strong>Za pomoc\u0105 us\u0142ugi mLegitymacja szkolna mo\u017cna:<\/strong><\/p>\n<ul>\n<li>potwierdzi\u0107, \u017ce jest si\u0119 uczniem danej szko\u0142y,<\/li>\n<li>skorzysta\u0107 z ulg i zwolnie\u0144, kt\u00f3re przys\u0142uguj\u0105 po okazaniu legitymacji.<\/li>\n<\/ul>\n<p>Dzi\u0119ki mLegitymacji mo\u017cna zapomnie\u0107 o noszeniu tradycyjnego dokumentu. To tradycyjna legitymacja szkolna, ale wy\u015bwietlana na ekranie telefonu (wg gov.pl).<\/p>\n<p><strong>W celu uzyskania mLegitymacji nale\u017cy:<\/strong><\/p>\n<ul>\n<li>pobra\u0107 wniosek ze strony internetowej szko\u0142y, wype\u0142ni\u0107 (rodzic\/opiekun lub pe\u0142noletni ucze\u0144) i dostarczy\u0107 do sekretariatu,<\/li>\n<li>wys\u0142a\u0107 zdj\u0119cie poprzez dziennik elektroniczny Librus (aktualne zdj\u0119cie spe\u0142niaj\u0105ce wymogi zdj\u0119cia dokumentowego w formacie JPG lub JPEG o rozmiarze max. 5MB i wymiarach minimum 500\u00d7600 px). Wi\u0119cej informacji o zasadach prawid\u0142owego zdj\u0119cia do dokument\u00f3w \u2013 <a href=\"https:\/\/www.gov.pl\/web\/gov\/zdjecie-do-dowodu-lub-paszportu\">TUTAJ<\/a>.<\/li>\n<li>zainstalowa\u0107 na urz\u0105dzeniu mobilnym aplikacj\u0119 mObywatel ze sklepu Google Play lub App Store,<\/li>\n<li>odebra\u0107 od wychowawcy klasy kod QR oraz kod aktywacyjny do aplikacji mObywatel (odbi\u00f3r potwierdzi\u0107 dat\u0105 i podpisem w dokumentacji),<\/li>\n<li>w us\u0142udze Legitymacja szkolna zeskanowa\u0107 otrzymany kod QR oraz wpisa\u0107 kod aktywacyjny mLegitymacji.<\/li>\n<\/ul>\n\n\t\t<\/div>\n\t<\/div>\n<div class=\"vc_empty_space\"   style=\"height: 32px\"><span class=\"vc_empty_space_inner\"><\/span><\/div><a  href=\"https:\/\/www.rzemieslnicza.pl\/wp-content\/uploads\/2024\/05\/Instrukcja-instalacji-mLegitymacji-dla-uczniow-i-studentow-1.0.pdf\"  target=\"_self\"  title=\"\" class=\"tt_button    pull-left\" ><span class=\"prim_text\">Instrukcja obs\u0142ugi mLegitymacji<\/span><span class=\"fas fa-file-alt iconita\"><\/span><\/a><div class=\"vc_empty_space\"   style=\"height: 32px\"><span class=\"vc_empty_space_inner\"><\/span><\/div>\n\t<div class=\"wpb_text_column wpb_content_element\" >\n\t\t<div class=\"wpb_wrapper\">\n\t\t\t<p>Wnioski o wydanie mLegitymacji na rok szkolny 2024\/2025 nale\u017cy z\u0142o\u017cy\u0107 w terminie do 10 wrze\u015bnia 2024 roku.<\/p>\n<p>Aby anulowa\u0107 (utrata telefonu, niepoprawnego dzia\u0142ania, utrata to\u017csamo\u015bci, rezygnacja z us\u0142ug) mLegitymacj\u0119 nale\u017cy pobra\u0107 wniosek ze strony internetowej szko\u0142y, wype\u0142ni\u0107 i dostarczy\u0107 do wychowawcy klasy. Potwierdzenie anulowania zostanie przes\u0142ane poprzez dziennik elektroniczny Librus.<\/p>\n\n\t\t<\/div>\n\t<\/div>\n\n\t<div class=\"wpb_text_column wpb_content_element\" >\n\t\t<div class=\"wpb_wrapper\">\n\t\t\t<p><strong>Wzory wniosk\u00f3w:<\/strong><\/p>\n<ol>\n<li><a href=\"https:\/\/www.rzemieslnicza.pl\/wp-content\/uploads\/2024\/05\/wydanie-mLegitymacji-przez-niepelnoletniego.pdf\">Wniosek o wydanie mLegitymacji \u2013 ucze\u0144 niepe\u0142noletni<\/a><\/li>\n<li><a href=\"https:\/\/www.rzemieslnicza.pl\/wp-content\/uploads\/2024\/05\/wydanie-mLegitymacji-przez-pelnoletniego.pdf\">Wniosek o wydanie mLegitymacji \u2013 ucze\u0144 pe\u0142noletni<\/a><\/li>\n<li><a href=\"https:\/\/www.rzemieslnicza.pl\/wp-content\/uploads\/2024\/05\/anulowanie-mLegitymacji-przez-niepelnoletniego.pdf\">Wniosek o anulowanie mLegitymacji \u2013 ucze\u0144 niepe\u0142noletni<\/a><\/li>\n<li><a href=\"https:\/\/www.rzemieslnicza.pl\/wp-content\/uploads\/2024\/05\/wydanie-mLegitymacji-przez-pelnoletniego.pdf\">Wniosek o anulowanie mLegitymacji \u2013 ucze\u0144 pe\u0142noletni<\/a><\/li>\n<\/ol>\n\n\t\t<\/div>\n\t<\/div>\n<div class=\"vc_empty_space\"   style=\"height: 32px\"><span class=\"vc_empty_space_inner\"><\/span><\/div>\n\t<div class=\"wpb_text_column wpb_content_element\" >\n\t\t<div class=\"wpb_wrapper\">\n\t\t\t<p><strong>Wymagania techniczne dla urz\u0105dze\u0144 mobilnych:<\/strong><\/p>\n<ul>\n<li>system operacyjny Android w wersji 6.0 lub wy\u017cszej, lub iOS w wersji nie ni\u017cszej ni\u017c 10.3,<\/li>\n<li>po\u0142\u0105czenie z Internetem.<\/li>\n<\/ul>\n<p><strong>Podstawa prawna:<\/strong><\/p>\n<p>Rozporz\u0105dzenie Ministra Edukacji Narodowej z dnia 27 sierpnia 2019 r. w sprawie \u015bwiadectw, dyplom\u00f3w pa\u0144stwowych i innych druk\u00f3w (Dz.U. z 2019 r., poz. 1700) \u2013 <a href=\"https:\/\/isap.sejm.gov.pl\/isap.nsf\/DocDetails.xsp?id=WDU20190001700\">TUTAJ<\/a><\/p>\n<p><strong>Wa\u017cne linki:<\/strong><\/p>\n<p>Ministerstwo Cyfryzacji \u2013 wa\u017cne us\u0142ugi w smartfonie \u2013 <a href=\"https:\/\/www.gov.pl\/web\/mobywatel\/mtozsamosc\">TUTAJ<\/a><br \/>\nRegulamin us\u0142ugi mLegitymacja szkolna w Aplikacji mObywatel \u2013 <a href=\"https:\/\/www.mobywatel.gov.pl\/mobywatel.ios.mlegitymacjaszkolna.regulamin.1.0.0.pdf\">TUTAJ<\/a><\/p>\n\n\t\t<\/div>\n\t<\/div>\n<\/div><\/div><\/div><div class=\"wpb_column vc_column_container vc_col-sm-4\"><div class=\"vc_column-inner\"><div class=\"wpb_wrapper\"><div  class=\"wpb_widgetised_column wpb_content_element\">\n\t\t<div class=\"wpb_wrapper\">\n\t\t\t\n\t\t\t<div id=\"text-4\" class=\"blog_widget widget_text\"><h5 class=\"widget-title\"><span>\u041a\u041e\u041d\u0422\u0410\u041a\u0422\u041d\u0406 \u0414\u0410\u041d\u0406<\/span><\/h5>\t\t\t<div class=\"textwidget\"><p><strong>\u0420\u0415\u041c\u0406\u0421\u041d\u0418\u0427\u0415 \u041f\u0420\u041e\u0424\u0415\u0421\u0406\u0419\u041d\u041e-\u0422\u0415\u0425\u041d\u0406\u0427\u041d\u0415 \u0423\u0427\u0418\u041b\u0418\u0429\u0415 \u0412 \u0417\u0410\u041c\u041e\u0421\u0422\u0406<\/strong><\/p>\n<p>\u0415\u043b\u0435\u043a\u0442\u0440\u043e\u043d\u043d\u0430 \u043f\u043e\u0448\u0442\u0430: szkola@rzemieslnicza.pl<br \/>\n\u0422\u0435\u043b\u0435\u0444\u043e\u043d: (84) 639 79 17<\/p>\n<p><strong>\u0428\u041a\u0406\u041b\u042c\u041d\u0418\u0419 \u0421\u0415\u041a\u0420\u0415\u0422\u0410\u0420\u0406\u0410\u0422<\/strong><br \/>\n\u0412\u0443\u043b\u0438\u0446\u044f \u041a\u0440\u0430\u0441\u043d\u043e\u0431\u0440\u043e\u0434\u0441\u044c\u043a\u0430 9, 22-400 \u0417\u0430\u043c\u043e\u0441\u0442\u044c, \u041f\u043e\u043b\u044c\u0449\u0430<br \/>\n\u041f\u043e\u043d\u0435\u0434\u0456\u043b\u043e\u043a. - \u041f\u043d-\u043f\u0442 08:00-15:00<\/p>\n<p><strong>\u0414\u0418\u0420\u0415\u041a\u0422\u041e\u0420 \u0428\u041a\u041e\u041b\u0418<\/strong><br \/>\n\u0410\u043d\u043d\u0430 \u0413\u043e\u0434\u0437\u0456\u0448\u0435\u0432\u0441\u044c\u043a\u0430, \u043c\u0430\u0433\u0456\u0441\u0442\u0440<\/p>\n<p><strong>\u0428\u041a\u0406\u041b\u042c\u041d\u0418\u0419 \u0412\u0427\u0418\u0422\u0415\u041b\u042c<\/strong><br \/>\n\u041a\u0430\u0442\u0430\u0436\u0438\u043d\u0430 \u041b\u0430\u043f\u0430, \u043c\u0430\u0433\u0456\u0441\u0442\u0440 \u043c\u0430\u0433\u0456\u0441\u0442\u0440\u0430\u0442\u0443\u0440\u0438<\/p>\n<p><strong>\u0428\u041a\u0406\u041b\u042c\u041d\u0418\u0419 \u041f\u0421\u0418\u0425\u041e\u041b\u041e\u0413<\/strong><br \/>\n\u041f\u0430\u043d\u0456 \u0421\u0438\u043b\u044c\u0432\u0456\u044f \u041f\u044c\u043e\u0442\u0440\u043e\u0432\u0441\u044c\u043a\u0430<\/p>\n<p><strong>\u041f\u0420\u0415\u0414\u0421\u0422\u0410\u0412\u041d\u0418\u041a\u041e\u041c \u041d\u0410\u0428\u041e\u0407 \u0428\u041a\u041e\u041b\u0418 \u0412 \u0423\u041a\u0420\u0410\u0407\u041d\u0406 \u0404<\/strong><br \/>\n\u041d\u043e\u0432\u0430\u0446\u044c\u043a\u0438\u0439 \u0412\u043e\u043b\u043e\u0434\u0438\u043c\u0438\u0440 (\u041d\u043e\u0432\u0430\u0446\u044c\u043a\u0438\u0439 \u0412\u043e\u043b\u043e\u0434\u0438\u043c\u0438\u0440)<br \/>\n\u0422\u0435\u043b. +380673620425, +380503750547<\/p>\n<\/div>\n\t\t<\/div>\n\t\t<\/div>\n\t<\/div>\n<\/div><\/div><\/div><\/div><div class=\"vc_row-full-width vc_clearfix\"><\/div>\n<\/div>","protected":false},"excerpt":{"rendered":"Wyr\u00f3b sobie mLegitymacj\u0119 ju\u017c teraz W naszej szkole mo\u017cliwe jest uzyskanie dokumentu elektronicznego \u2013 mLegitymacja. Wydanie i anulowanie mLegitymacji jest bezp\u0142atne! Dokument elektroniczny \u2013 mLegitymacja szkolna ma [...]","protected":false},"author":1,"featured_media":0,"parent":0,"menu_order":0,"comment_status":"closed","ping_status":"closed","template":"","meta":{"footnotes":""},"class_list":["post-6600","page","type-page","status-publish","hentry"],"_links":{"self":[{"href":"https:\/\/www.rzemieslnicza.pl\/uk\/wp-json\/wp\/v2\/pages\/6600","targetHints":{"allow":["GET"]}}],"collection":[{"href":"https:\/\/www.rzemieslnicza.pl\/uk\/wp-json\/wp\/v2\/pages"}],"about":[{"href":"https:\/\/www.rzemieslnicza.pl\/uk\/wp-json\/wp\/v2\/types\/page"}],"author":[{"embeddable":true,"href":"https:\/\/www.rzemieslnicza.pl\/uk\/wp-json\/wp\/v2\/users\/1"}],"replies":[{"embeddable":true,"href":"https:\/\/www.rzemieslnicza.pl\/uk\/wp-json\/wp\/v2\/comments?post=6600"}],"version-history":[{"count":19,"href":"https:\/\/www.rzemieslnicza.pl\/uk\/wp-json\/wp\/v2\/pages\/6600\/revisions"}],"predecessor-version":[{"id":8644,"href":"https:\/\/www.rzemieslnicza.pl\/uk\/wp-json\/wp\/v2\/pages\/6600\/revisions\/8644"}],"wp:attachment":[{"href":"https:\/\/www.rzemieslnicza.pl\/uk\/wp-json\/wp\/v2\/media?parent=6600"}],"curies":[{"name":"wp","href":"https:\/\/api.w.org\/{rel}","templated":true}]}}