{"id":6598,"date":"2024-03-27T11:40:02","date_gmt":"2024-03-27T11:40:02","guid":{"rendered":"https:\/\/www.rzemieslnicza.pl\/?page_id=6598"},"modified":"2024-06-23T13:55:36","modified_gmt":"2024-06-23T13:55:36","slug":"lekcja-historii-inaczej","status":"publish","type":"page","link":"https:\/\/www.rzemieslnicza.pl\/uk\/lekcja-historii-inaczej\/","title":{"rendered":"\u0423\u0440\u043e\u043a \u0456\u0441\u0442\u043e\u0440\u0456\u0457 \u043f\u043e-\u0456\u043d\u0448\u043e\u043c\u0443..."},"content":{"rendered":"<div class=\"wpb-content-wrapper\"><div data-vc-full-width=\"true\" data-vc-full-width-init=\"false\" class=\"vc_row wpb_row vc_row-fluid vc_custom_1711538464132 vc_column-gap-35\"><div class=\"wpb_column vc_column_container vc_col-sm-12\"><div class=\"vc_column-inner vc_custom_1516095665984\"><div class=\"wpb_wrapper\">\n\t<div  class=\"wpb_single_image wpb_content_element vc_align_left\">\n\t\t\n\t\t<figure class=\"wpb_wrapper vc_figure\">\n\t\t\t<div class=\"vc_single_image-wrapper   vc_box_border_grey\"><img loading=\"lazy\" decoding=\"async\" width=\"2449\" height=\"1633\" src=\"https:\/\/www.rzemieslnicza.pl\/wp-content\/uploads\/2024\/06\/Auschwitz-Birkenau.jpg\" class=\"vc_single_image-img attachment-full\" alt=\"\" title=\"Auschwitz-Birkenau\" srcset=\"https:\/\/www.rzemieslnicza.pl\/wp-content\/uploads\/2024\/06\/Auschwitz-Birkenau.jpg 2449w, https:\/\/www.rzemieslnicza.pl\/wp-content\/uploads\/2024\/06\/Auschwitz-Birkenau-300x200.jpg 300w, https:\/\/www.rzemieslnicza.pl\/wp-content\/uploads\/2024\/06\/Auschwitz-Birkenau-1024x683.jpg 1024w, https:\/\/www.rzemieslnicza.pl\/wp-content\/uploads\/2024\/06\/Auschwitz-Birkenau-768x512.jpg 768w, https:\/\/www.rzemieslnicza.pl\/wp-content\/uploads\/2024\/06\/Auschwitz-Birkenau-1536x1024.jpg 1536w, https:\/\/www.rzemieslnicza.pl\/wp-content\/uploads\/2024\/06\/Auschwitz-Birkenau-2048x1366.jpg 2048w\" sizes=\"auto, (max-width: 2449px) 100vw, 2449px\" \/><\/div>\n\t\t<\/figure>\n\t<\/div>\n\n\t<div class=\"wpb_text_column wpb_content_element  vc_custom_1719150399283\" >\n\t\t<div class=\"wpb_wrapper\">\n\t\t\t<h3 class=\"cite1\" style=\"text-align: center;\"><em>\u201eNar\u00f3d, kt\u00f3ry traci pami\u0119\u0107, traci sw\u0105 to\u017csamo\u015b\u0107\u201d<\/em><\/h3>\n<div class=\"cite2\" style=\"text-align: center;\">Jan Pawe\u0142 II<\/div>\n\n\t\t<\/div>\n\t<\/div>\n\n\t<div class=\"wpb_text_column wpb_content_element  vc_custom_1719150424321\" >\n\t\t<div class=\"wpb_wrapper\">\n\t\t\t<p><em>Od kilku lat uczniowie Rzemie\u015blniczej Bran\u017cowej Szko\u0142y I Stopnia w Zamo\u015bciu zwiedzaj\u0105c muzea, wystawy, sanktuaria, miejsca pami\u0119ci narodowej w Polsce i w Europie realizuj\u0105 program szko\u0142y. Wycieczki i wyj\u015bcia: Wawel, Ko\u015bci\u00f3\u0142 Mariacki na Rynku Wielkim w Krakowie i Sukiennice, Warszawa \u2013 Centrum Kopernika, Stary Ko\u015bci\u00f3\u0142 w Zakopanem, Cmentarz na P\u0119ksowym Brzyzku, Sanktuarium Matki Bo\u017cej Fatimskiej na Krzept\u00f3wkach, O\u015bwi\u0119cim, Brzezinka, Muzeum na Majdanku, Zamek w Lublinie i Kaplica Tr\u00f3jcy \u015awi\u0119tej, Arsena\u0142 w Zamo\u015bciu, Bu\u0142garia \u2013 Warna, Grecja \u2013 \u0141uk Triumfalny Galeriusza, Bia\u0142a Wie\u017ca, Uniwersytet Arystotelesa, pomnik Leonidasa, Sarajewo, Serbia pozwalaj\u0105 m\u0142odzie\u017cy przenie\u015b\u0107 si\u0119 cho\u0107 na chwil\u0119 w czasy naszych przodk\u00f3w. Dzi\u0119ki takim dzia\u0142aniom uczniowie maj\u0105 mo\u017cliwo\u015b\u0107 rozwijania swoich zainteresowa\u0144 oraz pobudzaj\u0105 wyobra\u017ani\u0119 historyczn\u0105 i uczucia patriotyczne. Inspiruje to do dalszych dzia\u0142a\u0144 w tym kierunku\u2026<\/em><\/p>\n\n\t\t<\/div>\n\t<\/div>\n<\/div><\/div><\/div><\/div><div class=\"vc_row-full-width vc_clearfix\"><\/div><div class=\"vc_row wpb_row vc_row-fluid\"><div class=\"wpb_column vc_column_container vc_col-sm-12\"><div class=\"vc_column-inner\"><div class=\"wpb_wrapper\">\n<div class=\"vc_grid-container-wrapper vc_clearfix vc_grid-animation-fadeIn\">\n\t<div class=\"vc_grid-container vc_clearfix wpb_content_element vc_basic_grid\" data-initial-loading-animation=\"fadeIn\" data-vc-grid-settings=\"{&quot;page_id&quot;:6598,&quot;style&quot;:&quot;lazy&quot;,&quot;action&quot;:&quot;vc_get_vc_grid_data&quot;,&quot;shortcode_id&quot;:&quot;1719150880390-66d35432-41d0-9&quot;,&quot;items_per_page&quot;:&quot;10&quot;,&quot;tag&quot;:&quot;vc_basic_grid&quot;}\" data-vc-request=\"https:\/\/www.rzemieslnicza.pl\/wp-admin\/admin-ajax.php\" data-vc-post-id=\"6598\" data-vc-public-nonce=\"56ec517a18\">\n\t\t<style data-type=\"vc_shortcodes-custom-css\">.vc_custom_1419240516480{background-color: #f9f9f9 !important;}<\/style><div class=\"vc_grid vc_row vc_grid-gutter-30px vc_pageable-wrapper vc_hook_hover\" data-vc-pageable-content=\"true\"><div class=\"vc_pageable-slide-wrapper vc_clearfix\" data-vc-grid-content=\"true\"><div class=\"vc_grid-item vc_clearfix vc_col-sm-4 vc_grid-item-zone-c-bottom\"><div class=\"vc_grid-item-mini vc_clearfix\"><div class=\"vc_gitem-animated-block\" ><div class=\"vc_gitem-zone vc_gitem-zone-a vc-gitem-zone-height-mode-auto vc-gitem-zone-height-mode-auto-1-1 vc_gitem-is-link\" style=\"background-image: url('https:\/\/www.rzemieslnicza.pl\/wp-content\/uploads\/2018\/11\/rotunda-2018_1-1024x768.jpg') !important;\"><a href=\"https:\/\/www.rzemieslnicza.pl\/uk\/ogolne\/wyjscie-na-rotunde-zamojska\/\" title=\"Wyj\u015bcie na Rotund\u0119 Zamojsk\u0105\" class=\"vc_gitem-link vc-zone-link\" ><\/a><img decoding=\"async\" class=\"vc_gitem-zone-img\" src=\"https:\/\/www.rzemieslnicza.pl\/wp-content\/uploads\/2018\/11\/rotunda-2018_1-1024x768.jpg\" alt=\"Wyj\u015bcie na Rotund\u0119 Zamojsk\u0105\" loading=\"lazy\"><div class=\"vc_gitem-zone-mini\"><\/div><\/div><\/div><div class=\"vc_gitem-zone vc_gitem-zone-c vc_custom_1419240516480\"><div class=\"vc_gitem-zone-mini\"><div class=\"vc_gitem_row vc_row vc_gitem-row-position-top\"><div class=\"vc_col-sm-12 vc_gitem-col vc_gitem-col-align-\"><div class=\"vc_custom_heading vc_gitem-post-data vc_gitem-post-data-source-post_title\" ><h4 style=\"text-align: left\" >Wyj\u015bcie na Rotund\u0119 Zamojsk\u0105<\/h4><\/div><\/div><\/div><\/div><\/div><\/div><div class=\"vc_clearfix\"><\/div><\/div><div class=\"vc_grid-item vc_clearfix vc_col-sm-4 vc_grid-item-zone-c-bottom\"><div class=\"vc_grid-item-mini vc_clearfix\"><div class=\"vc_gitem-animated-block\" ><div class=\"vc_gitem-zone vc_gitem-zone-a vc-gitem-zone-height-mode-auto vc-gitem-zone-height-mode-auto-1-1 vc_gitem-is-link\" style=\"background-image: url('https:\/\/www.rzemieslnicza.pl\/wp-content\/uploads\/2015\/05\/2_3.jpg') !important;\"><a href=\"https:\/\/www.rzemieslnicza.pl\/uk\/ogolne\/pamietnik-z-wycieczki-do-grecji-2015\/\" title=\"Pami\u0119tnik z wycieczki do Grecji 2015\" class=\"vc_gitem-link vc-zone-link\" ><\/a><img decoding=\"async\" class=\"vc_gitem-zone-img\" src=\"https:\/\/www.rzemieslnicza.pl\/wp-content\/uploads\/2015\/05\/2_3.jpg\" alt=\"Pami\u0119tnik z wycieczki do Grecji 2015\" loading=\"lazy\"><div class=\"vc_gitem-zone-mini\"><\/div><\/div><\/div><div class=\"vc_gitem-zone vc_gitem-zone-c vc_custom_1419240516480\"><div class=\"vc_gitem-zone-mini\"><div class=\"vc_gitem_row vc_row vc_gitem-row-position-top\"><div class=\"vc_col-sm-12 vc_gitem-col vc_gitem-col-align-\"><div class=\"vc_custom_heading vc_gitem-post-data vc_gitem-post-data-source-post_title\" ><h4 style=\"text-align: left\" >Pami\u0119tnik z wycieczki do Grecji 2015<\/h4><\/div><\/div><\/div><\/div><\/div><\/div><div class=\"vc_clearfix\"><\/div><\/div><div class=\"vc_grid-item vc_clearfix vc_col-sm-4 vc_grid-item-zone-c-bottom\"><div class=\"vc_grid-item-mini vc_clearfix\"><div class=\"vc_gitem-animated-block\" ><div class=\"vc_gitem-zone vc_gitem-zone-a vc-gitem-zone-height-mode-auto vc-gitem-zone-height-mode-auto-1-1 vc_gitem-is-link\" style=\"background-image: url('https:\/\/www.rzemieslnicza.pl\/wp-content\/uploads\/2015\/11\/11-listopada-2015_6-1024x577.jpg') !important;\"><a href=\"https:\/\/www.rzemieslnicza.pl\/uk\/ogolne\/obchody-11-listopada-2015\/\" title=\"Obchody 11 listopada 2015\" class=\"vc_gitem-link vc-zone-link\" ><\/a><img decoding=\"async\" class=\"vc_gitem-zone-img\" src=\"https:\/\/www.rzemieslnicza.pl\/wp-content\/uploads\/2015\/11\/11-listopada-2015_6-1024x577.jpg\" alt=\"Obchody 11 listopada 2015\" loading=\"lazy\"><div class=\"vc_gitem-zone-mini\"><\/div><\/div><\/div><div class=\"vc_gitem-zone vc_gitem-zone-c vc_custom_1419240516480\"><div class=\"vc_gitem-zone-mini\"><div class=\"vc_gitem_row vc_row vc_gitem-row-position-top\"><div class=\"vc_col-sm-12 vc_gitem-col vc_gitem-col-align-\"><div class=\"vc_custom_heading vc_gitem-post-data vc_gitem-post-data-source-post_title\" ><h4 style=\"text-align: left\" >Obchody 11 listopada 2015<\/h4><\/div><\/div><\/div><\/div><\/div><\/div><div class=\"vc_clearfix\"><\/div><\/div><div class=\"vc_grid-item vc_clearfix vc_col-sm-4 vc_grid-item-zone-c-bottom\"><div class=\"vc_grid-item-mini vc_clearfix\"><div class=\"vc_gitem-animated-block\" ><div class=\"vc_gitem-zone vc_gitem-zone-a vc-gitem-zone-height-mode-auto vc-gitem-zone-height-mode-auto-1-1 vc_gitem-is-link\" style=\"background-image: url('https:\/\/www.rzemieslnicza.pl\/wp-content\/uploads\/2015\/10\/600d81eeca95d_o_original-1024x685.jpg') !important;\"><a href=\"https:\/\/www.rzemieslnicza.pl\/uk\/ogolne\/wyjscie-do-arsenalu\/\" title=\"Wyj\u015bcie do Arsena\u0142u\" class=\"vc_gitem-link vc-zone-link\" ><\/a><img decoding=\"async\" class=\"vc_gitem-zone-img\" src=\"https:\/\/www.rzemieslnicza.pl\/wp-content\/uploads\/2015\/10\/600d81eeca95d_o_original-1024x685.jpg\" alt=\"Wyj\u015bcie do Arsena\u0142u\" loading=\"lazy\"><div class=\"vc_gitem-zone-mini\"><\/div><\/div><\/div><div class=\"vc_gitem-zone vc_gitem-zone-c vc_custom_1419240516480\"><div class=\"vc_gitem-zone-mini\"><div class=\"vc_gitem_row vc_row vc_gitem-row-position-top\"><div class=\"vc_col-sm-12 vc_gitem-col vc_gitem-col-align-\"><div class=\"vc_custom_heading vc_gitem-post-data vc_gitem-post-data-source-post_title\" ><h4 style=\"text-align: left\" >Wyj\u015bcie do Arsena\u0142u<\/h4><\/div><\/div><\/div><\/div><\/div><\/div><div class=\"vc_clearfix\"><\/div><\/div><div class=\"vc_grid-item vc_clearfix vc_col-sm-4 vc_grid-item-zone-c-bottom\"><div class=\"vc_grid-item-mini vc_clearfix\"><div class=\"vc_gitem-animated-block\" ><div class=\"vc_gitem-zone vc_gitem-zone-a vc-gitem-zone-height-mode-auto vc-gitem-zone-height-mode-auto-1-1 vc_gitem-is-link\" style=\"background-image: url('https:\/\/www.rzemieslnicza.pl\/wp-content\/uploads\/2015\/10\/majdanek-2023-01-15-150104-1024x751.jpg') !important;\"><a href=\"https:\/\/www.rzemieslnicza.pl\/uk\/ogolne\/panstwowe-muzeum-na-majdanku\/\" title=\"Pa\u0144stwowe Muzeum na Majdanku\" class=\"vc_gitem-link vc-zone-link\" ><\/a><img decoding=\"async\" class=\"vc_gitem-zone-img\" src=\"https:\/\/www.rzemieslnicza.pl\/wp-content\/uploads\/2015\/10\/majdanek-2023-01-15-150104-1024x751.jpg\" alt=\"Pa\u0144stwowe Muzeum na Majdanku\" loading=\"lazy\"><div class=\"vc_gitem-zone-mini\"><\/div><\/div><\/div><div class=\"vc_gitem-zone vc_gitem-zone-c vc_custom_1419240516480\"><div class=\"vc_gitem-zone-mini\"><div class=\"vc_gitem_row vc_row vc_gitem-row-position-top\"><div class=\"vc_col-sm-12 vc_gitem-col vc_gitem-col-align-\"><div class=\"vc_custom_heading vc_gitem-post-data vc_gitem-post-data-source-post_title\" ><h4 style=\"text-align: left\" >Pa\u0144stwowe Muzeum na Majdanku<\/h4><\/div><\/div><\/div><\/div><\/div><\/div><div class=\"vc_clearfix\"><\/div><\/div><div class=\"vc_grid-item vc_clearfix vc_col-sm-4 vc_grid-item-zone-c-bottom\"><div class=\"vc_grid-item-mini vc_clearfix\"><div class=\"vc_gitem-animated-block\" ><div class=\"vc_gitem-zone vc_gitem-zone-a vc-gitem-zone-height-mode-auto vc-gitem-zone-height-mode-auto-1-1 vc_gitem-is-link\" style=\"background-image: url('https:\/\/www.rzemieslnicza.pl\/wp-content\/uploads\/2015\/05\/Obchody-3-maja-2015_6-1024x576.jpg') !important;\"><a href=\"https:\/\/www.rzemieslnicza.pl\/uk\/ogolne\/obchody-uchwalenia-konstytucji-3-maja\/\" title=\"Obchody uchwalenia konstytucji 3 maja\" class=\"vc_gitem-link vc-zone-link\" ><\/a><img decoding=\"async\" class=\"vc_gitem-zone-img\" src=\"https:\/\/www.rzemieslnicza.pl\/wp-content\/uploads\/2015\/05\/Obchody-3-maja-2015_6-1024x576.jpg\" alt=\"Obchody uchwalenia konstytucji 3 maja\" loading=\"lazy\"><div class=\"vc_gitem-zone-mini\"><\/div><\/div><\/div><div class=\"vc_gitem-zone vc_gitem-zone-c vc_custom_1419240516480\"><div class=\"vc_gitem-zone-mini\"><div class=\"vc_gitem_row vc_row vc_gitem-row-position-top\"><div class=\"vc_col-sm-12 vc_gitem-col vc_gitem-col-align-\"><div class=\"vc_custom_heading vc_gitem-post-data vc_gitem-post-data-source-post_title\" ><h4 style=\"text-align: left\" >Obchody uchwalenia konstytucji 3 maja<\/h4><\/div><\/div><\/div><\/div><\/div><\/div><div class=\"vc_clearfix\"><\/div><\/div><div class=\"vc_grid-item vc_clearfix vc_col-sm-4 vc_grid-item-zone-c-bottom\"><div class=\"vc_grid-item-mini vc_clearfix\"><div class=\"vc_gitem-animated-block\" ><div class=\"vc_gitem-zone vc_gitem-zone-a vc-gitem-zone-height-mode-auto vc-gitem-zone-height-mode-auto-1-1 vc_gitem-is-link\" style=\"background-image: url('https:\/\/www.rzemieslnicza.pl\/wp-content\/uploads\/2014\/11\/wycieczka-krakow-2014_3-1024x576.jpg') !important;\"><a href=\"https:\/\/www.rzemieslnicza.pl\/uk\/ogolne\/wycieczka-krakow-oswiecim-2014\/\" title=\"Wycieczka Krak\u00f3w-O\u015bwi\u0119cim 2014\" class=\"vc_gitem-link vc-zone-link\" ><\/a><img decoding=\"async\" class=\"vc_gitem-zone-img\" src=\"https:\/\/www.rzemieslnicza.pl\/wp-content\/uploads\/2014\/11\/wycieczka-krakow-2014_3-1024x576.jpg\" alt=\"Wycieczka Krak\u00f3w-O\u015bwi\u0119cim 2014\" loading=\"lazy\"><div class=\"vc_gitem-zone-mini\"><\/div><\/div><\/div><div class=\"vc_gitem-zone vc_gitem-zone-c vc_custom_1419240516480\"><div class=\"vc_gitem-zone-mini\"><div class=\"vc_gitem_row vc_row vc_gitem-row-position-top\"><div class=\"vc_col-sm-12 vc_gitem-col vc_gitem-col-align-\"><div class=\"vc_custom_heading vc_gitem-post-data vc_gitem-post-data-source-post_title\" ><h4 style=\"text-align: left\" >Wycieczka Krak\u00f3w-O\u015bwi\u0119cim 2014<\/h4><\/div><\/div><\/div><\/div><\/div><\/div><div class=\"vc_clearfix\"><\/div><\/div><div class=\"vc_grid-item vc_clearfix vc_col-sm-4 vc_grid-item-zone-c-bottom\"><div class=\"vc_grid-item-mini vc_clearfix\"><div class=\"vc_gitem-animated-block\" ><div class=\"vc_gitem-zone vc_gitem-zone-a vc-gitem-zone-height-mode-auto vc-gitem-zone-height-mode-auto-1-1 vc_gitem-is-link\" style=\"background-image: url('https:\/\/www.rzemieslnicza.pl\/wp-content\/uploads\/2013\/12\/wycieczka-Krako\u0301w-Os\u0301wie\u0328cim38.jpg') !important;\"><a href=\"https:\/\/www.rzemieslnicza.pl\/uk\/ogolne\/wycieczka-krakow-oswiecim\/\" title=\"Wycieczka Krak\u00f3w-O\u015bwi\u0119cim\" class=\"vc_gitem-link vc-zone-link\" ><\/a><img decoding=\"async\" class=\"vc_gitem-zone-img\" src=\"https:\/\/www.rzemieslnicza.pl\/wp-content\/uploads\/2013\/12\/wycieczka-Krako\u0301w-Os\u0301wie\u0328cim38.jpg\" alt=\"Wycieczka Krak\u00f3w-O\u015bwi\u0119cim\" loading=\"lazy\"><div class=\"vc_gitem-zone-mini\"><\/div><\/div><\/div><div class=\"vc_gitem-zone vc_gitem-zone-c vc_custom_1419240516480\"><div class=\"vc_gitem-zone-mini\"><div class=\"vc_gitem_row vc_row vc_gitem-row-position-top\"><div class=\"vc_col-sm-12 vc_gitem-col vc_gitem-col-align-\"><div class=\"vc_custom_heading vc_gitem-post-data vc_gitem-post-data-source-post_title\" ><h4 style=\"text-align: left\" >Wycieczka Krak\u00f3w-O\u015bwi\u0119cim<\/h4><\/div><\/div><\/div><\/div><\/div><\/div><div class=\"vc_clearfix\"><\/div><\/div><\/div><div data-lazy-loading-btn=\"true\" style=\"display: none;\"><a href=\"https:\/\/www.rzemieslnicza.pl\/uk\/lekcja-historii-inaczej\/\"><\/a><\/div><\/div>\n\t<\/div>\n<\/div><\/div><\/div><\/div><\/div>\n<\/div>","protected":false},"excerpt":{"rendered":"\u201eNar\u00f3d, kt\u00f3ry traci pami\u0119\u0107, traci sw\u0105 to\u017csamo\u015b\u0107\u201d Jan Pawe\u0142 II Od kilku lat uczniowie Rzemie\u015blniczej Bran\u017cowej Szko\u0142y I Stopnia w Zamo\u015bciu zwiedzaj\u0105c muzea, wystawy, sanktuaria, miejsca pami\u0119ci [...]","protected":false},"author":1,"featured_media":0,"parent":0,"menu_order":0,"comment_status":"closed","ping_status":"closed","template":"","meta":{"footnotes":""},"class_list":["post-6598","page","type-page","status-publish","hentry"],"_links":{"self":[{"href":"https:\/\/www.rzemieslnicza.pl\/uk\/wp-json\/wp\/v2\/pages\/6598","targetHints":{"allow":["GET"]}}],"collection":[{"href":"https:\/\/www.rzemieslnicza.pl\/uk\/wp-json\/wp\/v2\/pages"}],"about":[{"href":"https:\/\/www.rzemieslnicza.pl\/uk\/wp-json\/wp\/v2\/types\/page"}],"author":[{"embeddable":true,"href":"https:\/\/www.rzemieslnicza.pl\/uk\/wp-json\/wp\/v2\/users\/1"}],"replies":[{"embeddable":true,"href":"https:\/\/www.rzemieslnicza.pl\/uk\/wp-json\/wp\/v2\/comments?post=6598"}],"version-history":[{"count":11,"href":"https:\/\/www.rzemieslnicza.pl\/uk\/wp-json\/wp\/v2\/pages\/6598\/revisions"}],"predecessor-version":[{"id":8375,"href":"https:\/\/www.rzemieslnicza.pl\/uk\/wp-json\/wp\/v2\/pages\/6598\/revisions\/8375"}],"wp:attachment":[{"href":"https:\/\/www.rzemieslnicza.pl\/uk\/wp-json\/wp\/v2\/media?parent=6598"}],"curies":[{"name":"wp","href":"https:\/\/api.w.org\/{rel}","templated":true}]}}