{"id":6590,"date":"2024-03-27T11:37:04","date_gmt":"2024-03-27T11:37:04","guid":{"rendered":"https:\/\/www.rzemieslnicza.pl\/?page_id=6590"},"modified":"2025-03-05T18:24:47","modified_gmt":"2025-03-05T18:24:47","slug":"rekrutacja","status":"publish","type":"page","link":"https:\/\/www.rzemieslnicza.pl\/uk\/rekrutacja\/","title":{"rendered":"\u0420\u0435\u043a\u0440\u0443\u0442\u0438\u043d\u0433"},"content":{"rendered":"<div class=\"wpb-content-wrapper\"><div data-vc-full-width=\"true\" data-vc-full-width-init=\"false\" class=\"vc_row wpb_row vc_row-fluid vc_custom_1711538464132 vc_column-gap-35\"><div class=\"wpb_column vc_column_container vc_col-sm-8\"><div class=\"vc_column-inner vc_custom_1516095665984\"><div class=\"wpb_wrapper\">\n\t<div class=\"wpb_text_column wpb_content_element\" >\n\t\t<div class=\"wpb_wrapper\">\n\t\t\t<h4>\u0422\u0440\u0438\u0432\u0430\u0454 \u043d\u0430\u0431\u0456\u0440 \u043d\u0430 2024\/2025 \u043d\u0430\u0432\u0447\u0430\u043b\u044c\u043d\u0438\u0439 \u0440\u0456\u043a.<\/h4>\n\n\t\t<\/div>\n\t<\/div>\n<div class=\"vc_row wpb_row vc_inner vc_row-fluid vc_custom_1711991831087\"><div class=\"wpb_column vc_column_container vc_col-sm-6\"><div class=\"vc_column-inner\"><div class=\"wpb_wrapper\"><a style=\"width: 100%;\" href=\"https:\/\/www.rzemieslnicza.pl\/wp-content\/uploads\/2025\/03\/PODANIE-2025-2026.doc\"  target=\"_self\"  title=\"\" class=\"tt_button tt_secondary_button   pull-left\" ><span class=\"prim_text\">\u0417\u0430\u0432\u0430\u043d\u0442\u0430\u0436\u0438\u0442\u0438 \u0437\u0430\u044f\u0432\u043a\u0443 (DOC)<\/span><span class=\"far fa-file-word iconita\"><\/span><\/a><\/div><\/div><\/div><div class=\"wpb_column vc_column_container vc_col-sm-6\"><div class=\"vc_column-inner\"><div class=\"wpb_wrapper\"><a style=\"width: 100%;\" href=\"https:\/\/www.rzemieslnicza.pl\/wp-content\/uploads\/2025\/03\/PODANIE-2025-2026.pdf\"  target=\"_self\"  title=\"\" class=\"tt_button tt_secondary_button   pull-left\" ><span class=\"prim_text\">\u0417\u0430\u0432\u0430\u043d\u0442\u0430\u0436\u0438\u0442\u0438 \u0437\u0430\u044f\u0432\u043a\u0443 (PDF)<\/span><span class=\"far fa-file-pdf iconita\"><\/span><\/a><\/div><\/div><\/div><\/div>\n\t<div class=\"wpb_text_column wpb_content_element\" >\n\t\t<div class=\"wpb_wrapper\">\n\t\t\t<h4>\u0414\u043e \u0437\u0430\u044f\u0432\u043a\u0438 \u043e\u0431\u043e\u0432'\u044f\u0437\u043a\u043e\u0432\u043e \u0434\u043e\u0434\u0430\u044e\u0442\u044c\u0441\u044f<\/h4>\n<ol>\n<li>\u0410\u0442\u0435\u0441\u0442\u0430\u0442 \u043f\u0440\u043e \u043f\u043e\u0432\u043d\u0443 \u0437\u0430\u0433\u0430\u043b\u044c\u043d\u0443 \u0441\u0435\u0440\u0435\u0434\u043d\u044e \u043e\u0441\u0432\u0456\u0442\u0443 (\u043e\u0440\u0438\u0433\u0456\u043d\u0430\u043b)<\/li>\n<li>\u0421\u0435\u0440\u0442\u0438\u0444\u0456\u043a\u0430\u0442 \u0437\u043e\u0432\u043d\u0456\u0448\u043d\u044c\u043e\u0433\u043e \u043d\u0435\u0437\u0430\u043b\u0435\u0436\u043d\u043e\u0433\u043e \u043e\u0446\u0456\u043d\u044e\u0432\u0430\u043d\u043d\u044f (\u043e\u0440\u0438\u0433\u0456\u043d\u0430\u043b)<\/li>\n<li>\u041c\u0435\u0434\u0438\u0447\u043d\u0430 \u0434\u043e\u0432\u0456\u0434\u043a\u0430 \u043f\u0440\u043e \u0432\u0456\u0434\u0441\u0443\u0442\u043d\u0456\u0441\u0442\u044c \u043f\u0440\u043e\u0442\u0438\u043f\u043e\u043a\u0430\u0437\u0430\u043d\u044c \u0434\u043e \u043d\u0430\u0432\u0447\u0430\u043d\u043d\u044f<\/li>\n<li>2 \u043f\u043e\u0441\u0432\u0456\u0434\u0447\u0435\u043d\u043d\u044f \u043e\u0441\u043e\u0431\u0438<\/li>\n<\/ol>\n<p>\u0414\u043e\u043f\u0443\u0441\u043a \u0434\u043e \u0443\u0447\u0430\u0441\u0442\u0456 \u0432 \u043a\u043e\u043d\u043a\u0443\u0440\u0441\u0456 \u0432\u0438\u0437\u043d\u0430\u0447\u0430\u0454\u0442\u044c\u0441\u044f<strong>\u00a0\u043f\u043e\u0440\u044f\u0434\u043e\u043a \u043f\u043e\u0434\u0430\u043d\u043d\u044f \u0437\u0430\u044f\u0432\u043e\u043a<\/strong>.<\/p>\n<p><strong>\u041f\u0440\u0430\u043a\u0442\u0438\u0447\u043d\u0456 \u0437\u0430\u043d\u044f\u0442\u0442\u044f<\/strong> \u043e\u0440\u0433\u0430\u043d\u0456\u0437\u043e\u0432\u0443\u044e\u0442\u044c\u0441\u044f \u0437 \u0440\u043e\u0431\u043e\u0442\u043e\u0434\u0430\u0432\u0446\u044f\u043c\u0438 \u0442\u0430 \u043c\u0430\u0439\u0441\u0442\u0440\u0430\u043c\u0438 \u043f\u0440\u043e\u0442\u044f\u0433\u043e\u043c \u0443\u0441\u044c\u043e\u0433\u043e \u043d\u0430\u0432\u0447\u0430\u043b\u044c\u043d\u043e\u0433\u043e \u043f\u0435\u0440\u0456\u043e\u0434\u0443.<\/p>\n<p>\u042f\u043a\u0449\u043e \u0443 \u0432\u0430\u0441 \u0432\u0438\u043d\u0438\u043a\u043b\u0438 \u0437\u0430\u043f\u0438\u0442\u0430\u043d\u043d\u044f \u0430\u0431\u043e \u043f\u0440\u043e\u0431\u043b\u0435\u043c\u0438, \u0431\u0443\u0434\u044c \u043b\u0430\u0441\u043a\u0430, \u0437\u0432'\u044f\u0436\u0456\u0442\u044c\u0441\u044f \u0437 \u043d\u0430\u043c\u0438 \u0437\u0430 \u0442\u0435\u043b. <strong>84 639 79 17<\/strong>.<\/p>\n\n\t\t<\/div>\n\t<\/div>\n<\/div><\/div><\/div><div class=\"wpb_column vc_column_container vc_col-sm-4\"><div class=\"vc_column-inner\"><div class=\"wpb_wrapper\"><div  class=\"wpb_widgetised_column wpb_content_element\">\n\t\t<div class=\"wpb_wrapper\">\n\t\t\t\n\t\t\t<div id=\"text-4\" class=\"blog_widget widget_text\"><h5 class=\"widget-title\"><span>\u041a\u041e\u041d\u0422\u0410\u041a\u0422\u041d\u0406 \u0414\u0410\u041d\u0406<\/span><\/h5>\t\t\t<div class=\"textwidget\"><p><strong>\u0420\u0415\u041c\u0406\u0421\u041d\u0418\u0427\u0415 \u041f\u0420\u041e\u0424\u0415\u0421\u0406\u0419\u041d\u041e-\u0422\u0415\u0425\u041d\u0406\u0427\u041d\u0415 \u0423\u0427\u0418\u041b\u0418\u0429\u0415 \u0412 \u0417\u0410\u041c\u041e\u0421\u0422\u0406<\/strong><\/p>\n<p>\u0415\u043b\u0435\u043a\u0442\u0440\u043e\u043d\u043d\u0430 \u043f\u043e\u0448\u0442\u0430: szkola@rzemieslnicza.pl<br \/>\n\u0422\u0435\u043b\u0435\u0444\u043e\u043d: (84) 639 79 17<\/p>\n<p><strong>\u0428\u041a\u0406\u041b\u042c\u041d\u0418\u0419 \u0421\u0415\u041a\u0420\u0415\u0422\u0410\u0420\u0406\u0410\u0422<\/strong><br \/>\n\u0412\u0443\u043b\u0438\u0446\u044f \u041a\u0440\u0430\u0441\u043d\u043e\u0431\u0440\u043e\u0434\u0441\u044c\u043a\u0430 9, 22-400 \u0417\u0430\u043c\u043e\u0441\u0442\u044c, \u041f\u043e\u043b\u044c\u0449\u0430<br \/>\n\u041f\u043e\u043d\u0435\u0434\u0456\u043b\u043e\u043a. - \u041f\u043d-\u043f\u0442 08:00-15:00<\/p>\n<p><strong>\u0414\u0418\u0420\u0415\u041a\u0422\u041e\u0420 \u0428\u041a\u041e\u041b\u0418<\/strong><br \/>\n\u0410\u043d\u043d\u0430 \u0413\u043e\u0434\u0437\u0456\u0448\u0435\u0432\u0441\u044c\u043a\u0430, \u043c\u0430\u0433\u0456\u0441\u0442\u0440<\/p>\n<p><strong>\u0428\u041a\u0406\u041b\u042c\u041d\u0418\u0419 \u0412\u0427\u0418\u0422\u0415\u041b\u042c<\/strong><br \/>\n\u041a\u0430\u0442\u0430\u0436\u0438\u043d\u0430 \u041b\u0430\u043f\u0430, \u043c\u0430\u0433\u0456\u0441\u0442\u0440 \u043c\u0430\u0433\u0456\u0441\u0442\u0440\u0430\u0442\u0443\u0440\u0438<\/p>\n<p><strong>\u0428\u041a\u0406\u041b\u042c\u041d\u0418\u0419 \u041f\u0421\u0418\u0425\u041e\u041b\u041e\u0413<\/strong><br \/>\n\u041f\u0430\u043d\u0456 \u0421\u0438\u043b\u044c\u0432\u0456\u044f \u041f\u044c\u043e\u0442\u0440\u043e\u0432\u0441\u044c\u043a\u0430<\/p>\n<p><strong>\u041f\u0420\u0415\u0414\u0421\u0422\u0410\u0412\u041d\u0418\u041a\u041e\u041c \u041d\u0410\u0428\u041e\u0407 \u0428\u041a\u041e\u041b\u0418 \u0412 \u0423\u041a\u0420\u0410\u0407\u041d\u0406 \u0404<\/strong><br \/>\n\u041d\u043e\u0432\u0430\u0446\u044c\u043a\u0438\u0439 \u0412\u043e\u043b\u043e\u0434\u0438\u043c\u0438\u0440 (\u041d\u043e\u0432\u0430\u0446\u044c\u043a\u0438\u0439 \u0412\u043e\u043b\u043e\u0434\u0438\u043c\u0438\u0440)<br \/>\n\u0422\u0435\u043b. +380673620425, +380503750547<\/p>\n<\/div>\n\t\t<\/div>\n\t\t<\/div>\n\t<\/div>\n<\/div><\/div><\/div><\/div><div class=\"vc_row-full-width vc_clearfix\"><\/div>\n<\/div>","protected":false},"excerpt":{"rendered":"Trwa rekrutacja na rok szkolny 2024\/2025. Pobierz podanie (DOC)Pobierz podanie (PDF) Do podania nale\u017cy do\u0142\u0105czy\u0107: \u015awiadectwo uko\u0144czenia szko\u0142y (orygina\u0142) Za\u015bwiadczenie o wynikach egzaminu zewn\u0119trznego (orygina\u0142) Orzeczenie lekarskie [...]","protected":false},"author":1,"featured_media":0,"parent":0,"menu_order":0,"comment_status":"closed","ping_status":"closed","template":"","meta":{"footnotes":""},"class_list":["post-6590","page","type-page","status-publish","hentry"],"_links":{"self":[{"href":"https:\/\/www.rzemieslnicza.pl\/uk\/wp-json\/wp\/v2\/pages\/6590","targetHints":{"allow":["GET"]}}],"collection":[{"href":"https:\/\/www.rzemieslnicza.pl\/uk\/wp-json\/wp\/v2\/pages"}],"about":[{"href":"https:\/\/www.rzemieslnicza.pl\/uk\/wp-json\/wp\/v2\/types\/page"}],"author":[{"embeddable":true,"href":"https:\/\/www.rzemieslnicza.pl\/uk\/wp-json\/wp\/v2\/users\/1"}],"replies":[{"embeddable":true,"href":"https:\/\/www.rzemieslnicza.pl\/uk\/wp-json\/wp\/v2\/comments?post=6590"}],"version-history":[{"count":16,"href":"https:\/\/www.rzemieslnicza.pl\/uk\/wp-json\/wp\/v2\/pages\/6590\/revisions"}],"predecessor-version":[{"id":8826,"href":"https:\/\/www.rzemieslnicza.pl\/uk\/wp-json\/wp\/v2\/pages\/6590\/revisions\/8826"}],"wp:attachment":[{"href":"https:\/\/www.rzemieslnicza.pl\/uk\/wp-json\/wp\/v2\/media?parent=6590"}],"curies":[{"name":"wp","href":"https:\/\/api.w.org\/{rel}","templated":true}]}}