{"id":6588,"date":"2024-03-27T11:36:31","date_gmt":"2024-03-27T11:36:31","guid":{"rendered":"https:\/\/www.rzemieslnicza.pl\/?page_id=6588"},"modified":"2025-03-05T18:28:52","modified_gmt":"2025-03-05T18:28:52","slug":"oferta","status":"publish","type":"page","link":"https:\/\/www.rzemieslnicza.pl\/uk\/oferta\/","title":{"rendered":"\u041f\u0440\u043e\u043f\u043e\u0437\u0438\u0446\u0456\u044f"},"content":{"rendered":"<div class=\"wpb-content-wrapper\"><div data-vc-full-width=\"true\" data-vc-full-width-init=\"false\" class=\"vc_row wpb_row vc_row-fluid vc_custom_1711538464132 vc_column-gap-35\"><div class=\"wpb_column vc_column_container vc_col-sm-8\"><div class=\"vc_column-inner vc_custom_1516095665984\"><div class=\"wpb_wrapper\">\n\t<div class=\"wpb_text_column wpb_content_element\" >\n\t\t<div class=\"wpb_wrapper\">\n\t\t\t<p><strong>\u0420\u0435\u043c\u0456\u0441\u043d\u0438\u0447\u0430 \u043f\u0440\u043e\u043c\u0438\u0441\u043b\u043e\u0432\u0430 \u0448\u043a\u043e\u043b\u0430 \u043f\u0435\u0440\u0448\u043e\u0433\u043e \u0441\u0442\u0443\u043f\u0435\u043d\u044f \u0432 \u0417\u0430\u043c\u043e\u0441\u0442\u0456<\/strong> kszta\u0142ci m\u0142odzie\u017c w kilkunastu zawodach (<a title=\"oferta zawod\u00f3w\" href=\"https:\/\/www.rzemieslnicza.pl\/uk\/zawody\/\">oferta zawod\u00f3w<\/a>). Opr\u00f3cz zaj\u0119\u0107 dydaktycznych i praktyk w najlepszych zak\u0142adach rzemie\u015blniczych w mie\u015bcie i regionie oferujemy tak\u017ce bezp\u0142atne <strong>zaj\u0119cia pozalekcyjne<\/strong> z j\u0119zyk\u00f3w obcych (angielski, niemiecki). Dla uczni\u00f3w-obcokrajowc\u00f3w bezp\u0142atna nauka j\u0119zyka polskiego.<\/p>\n<p>Je\u015bli masz problemy z matematyk\u0105 lub j\u0119zykiem polskim \u2013 nasi nauczyciele pomog\u0105 Ci na <strong>bezp\u0142atnych zaj\u0119ciach wyr\u00f3wnawczych<\/strong>.<\/p>\n<p>Ka\u017cdego roku cz\u0119\u015b\u0107 najlepszych absolwent\u00f3w naszej szko\u0142y zawodowej, po zako\u0144czeniu praktyk zostaje na sta\u0142e u swojego pracodawcy. Dla niekt\u00f3rych zawod\u00f3w mamy <strong>zagwarantowane miejsca pracy<\/strong>. Po wi\u0119cej informacji zapraszamy osobi\u015bcie lub skontaktuj si\u0119 z nami telefonicznie.<\/p>\n<p><strong>Zach\u0119camy r\u00f3wnie\u017c do zapoznania si\u0119 z multimedialn\u0105 ofert\u0105 Rzemie\u015blniczej Bran\u017cowej Szko\u0142y I Stopnia w Zamo\u015bciu:<\/strong><\/p>\n\n\t\t<\/div>\n\t<\/div>\n<a  href=\"https:\/\/www.rzemieslnicza.pl\/wp-content\/uploads\/2024\/04\/Oferta-RBSv2.pdf\"  target=\"_self\"  title=\"\" class=\"tt_button    pull-left\" ><span class=\"prim_text\">Pobierz ofert\u0119<\/span><span class=\"fas fa-file-alt iconita\"><\/span><\/a><\/div><\/div><\/div><div class=\"wpb_column vc_column_container vc_col-sm-4\"><div class=\"vc_column-inner\"><div class=\"wpb_wrapper\"><div  class=\"wpb_widgetised_column wpb_content_element\">\n\t\t<div class=\"wpb_wrapper\">\n\t\t\t\n\t\t\t<div id=\"text-4\" class=\"blog_widget widget_text\"><h5 class=\"widget-title\"><span>\u041a\u041e\u041d\u0422\u0410\u041a\u0422\u041d\u0406 \u0414\u0410\u041d\u0406<\/span><\/h5>\t\t\t<div class=\"textwidget\"><p><strong>\u0420\u0415\u041c\u0406\u0421\u041d\u0418\u0427\u0415 \u041f\u0420\u041e\u0424\u0415\u0421\u0406\u0419\u041d\u041e-\u0422\u0415\u0425\u041d\u0406\u0427\u041d\u0415 \u0423\u0427\u0418\u041b\u0418\u0429\u0415 \u0412 \u0417\u0410\u041c\u041e\u0421\u0422\u0406<\/strong><\/p>\n<p>\u0415\u043b\u0435\u043a\u0442\u0440\u043e\u043d\u043d\u0430 \u043f\u043e\u0448\u0442\u0430: szkola@rzemieslnicza.pl<br \/>\n\u0422\u0435\u043b\u0435\u0444\u043e\u043d: (84) 639 79 17<\/p>\n<p><strong>\u0428\u041a\u0406\u041b\u042c\u041d\u0418\u0419 \u0421\u0415\u041a\u0420\u0415\u0422\u0410\u0420\u0406\u0410\u0422<\/strong><br \/>\n\u0412\u0443\u043b\u0438\u0446\u044f \u041a\u0440\u0430\u0441\u043d\u043e\u0431\u0440\u043e\u0434\u0441\u044c\u043a\u0430 9, 22-400 \u0417\u0430\u043c\u043e\u0441\u0442\u044c, \u041f\u043e\u043b\u044c\u0449\u0430<br \/>\n\u041f\u043e\u043d\u0435\u0434\u0456\u043b\u043e\u043a. - \u041f\u043d-\u043f\u0442 08:00-15:00<\/p>\n<p><strong>\u0414\u0418\u0420\u0415\u041a\u0422\u041e\u0420 \u0428\u041a\u041e\u041b\u0418<\/strong><br \/>\n\u0410\u043d\u043d\u0430 \u0413\u043e\u0434\u0437\u0456\u0448\u0435\u0432\u0441\u044c\u043a\u0430, \u043c\u0430\u0433\u0456\u0441\u0442\u0440<\/p>\n<p><strong>\u0428\u041a\u0406\u041b\u042c\u041d\u0418\u0419 \u0412\u0427\u0418\u0422\u0415\u041b\u042c<\/strong><br \/>\n\u041a\u0430\u0442\u0430\u0436\u0438\u043d\u0430 \u041b\u0430\u043f\u0430, \u043c\u0430\u0433\u0456\u0441\u0442\u0440 \u043c\u0430\u0433\u0456\u0441\u0442\u0440\u0430\u0442\u0443\u0440\u0438<\/p>\n<p><strong>\u0428\u041a\u0406\u041b\u042c\u041d\u0418\u0419 \u041f\u0421\u0418\u0425\u041e\u041b\u041e\u0413<\/strong><br \/>\n\u041f\u0430\u043d\u0456 \u0421\u0438\u043b\u044c\u0432\u0456\u044f \u041f\u044c\u043e\u0442\u0440\u043e\u0432\u0441\u044c\u043a\u0430<\/p>\n<p><strong>\u041f\u0420\u0415\u0414\u0421\u0422\u0410\u0412\u041d\u0418\u041a\u041e\u041c \u041d\u0410\u0428\u041e\u0407 \u0428\u041a\u041e\u041b\u0418 \u0412 \u0423\u041a\u0420\u0410\u0407\u041d\u0406 \u0404<\/strong><br \/>\n\u041d\u043e\u0432\u0430\u0446\u044c\u043a\u0438\u0439 \u0412\u043e\u043b\u043e\u0434\u0438\u043c\u0438\u0440 (\u041d\u043e\u0432\u0430\u0446\u044c\u043a\u0438\u0439 \u0412\u043e\u043b\u043e\u0434\u0438\u043c\u0438\u0440)<br \/>\n\u0422\u0435\u043b. +380673620425, +380503750547<\/p>\n<\/div>\n\t\t<\/div>\n\t\t<\/div>\n\t<\/div>\n<\/div><\/div><\/div><\/div><div class=\"vc_row-full-width vc_clearfix\"><\/div>\n<\/div>","protected":false},"excerpt":{"rendered":"Rzemie\u015blnicza Bran\u017cowa Szko\u0142a I Stopnia w Zamo\u015bciu kszta\u0142ci m\u0142odzie\u017c w kilkunastu zawodach (oferta zawod\u00f3w). Opr\u00f3cz zaj\u0119\u0107 dydaktycznych i praktyk w najlepszych zak\u0142adach rzemie\u015blniczych w mie\u015bcie i regionie [...]","protected":false},"author":1,"featured_media":0,"parent":0,"menu_order":0,"comment_status":"closed","ping_status":"closed","template":"","meta":{"footnotes":""},"class_list":["post-6588","page","type-page","status-publish","hentry"],"_links":{"self":[{"href":"https:\/\/www.rzemieslnicza.pl\/uk\/wp-json\/wp\/v2\/pages\/6588","targetHints":{"allow":["GET"]}}],"collection":[{"href":"https:\/\/www.rzemieslnicza.pl\/uk\/wp-json\/wp\/v2\/pages"}],"about":[{"href":"https:\/\/www.rzemieslnicza.pl\/uk\/wp-json\/wp\/v2\/types\/page"}],"author":[{"embeddable":true,"href":"https:\/\/www.rzemieslnicza.pl\/uk\/wp-json\/wp\/v2\/users\/1"}],"replies":[{"embeddable":true,"href":"https:\/\/www.rzemieslnicza.pl\/uk\/wp-json\/wp\/v2\/comments?post=6588"}],"version-history":[{"count":11,"href":"https:\/\/www.rzemieslnicza.pl\/uk\/wp-json\/wp\/v2\/pages\/6588\/revisions"}],"predecessor-version":[{"id":8827,"href":"https:\/\/www.rzemieslnicza.pl\/uk\/wp-json\/wp\/v2\/pages\/6588\/revisions\/8827"}],"wp:attachment":[{"href":"https:\/\/www.rzemieslnicza.pl\/uk\/wp-json\/wp\/v2\/media?parent=6588"}],"curies":[{"name":"wp","href":"https:\/\/api.w.org\/{rel}","templated":true}]}}