{"id":6584,"date":"2024-03-27T11:35:10","date_gmt":"2024-03-27T11:35:10","guid":{"rendered":"https:\/\/www.rzemieslnicza.pl\/?page_id=6584"},"modified":"2024-05-13T08:08:04","modified_gmt":"2024-05-13T08:08:04","slug":"partnerzy","status":"publish","type":"page","link":"https:\/\/www.rzemieslnicza.pl\/uk\/partnerzy\/","title":{"rendered":"\u041f\u0430\u0440\u0442\u043d\u0435\u0440\u0438"},"content":{"rendered":"<div class=\"wpb-content-wrapper\"><div data-vc-full-width=\"true\" data-vc-full-width-init=\"false\" class=\"vc_row wpb_row vc_row-fluid vc_custom_1711538464132 vc_column-gap-35\"><div class=\"wpb_column vc_column_container vc_col-sm-8\"><div class=\"vc_column-inner vc_custom_1516095665984\"><div class=\"wpb_wrapper\">\n\t<div class=\"wpb_text_column wpb_content_element\" >\n\t\t<div class=\"wpb_wrapper\">\n\t\t\t<table border=\"0\" width=\"100%\" cellspacing=\"0\" cellpadding=\"0\">\n<tbody>\n<tr>\n<td width=\"45\" height=\"29\">Lp.<\/td>\n<td width=\"321\">Nazwa<\/td>\n<td width=\"288\">Adres<\/td>\n<\/tr>\n<tr>\n<td width=\"45\" height=\"21\">1.<\/td>\n<td width=\"321\">O\u015brodek Wypoczynkowy \u201eMarta\u201d<\/td>\n<td width=\"288\">ul. Lelewela 14, 22-440 Krasnobr\u00f3d<\/td>\n<\/tr>\n<tr>\n<td width=\"45\" height=\"21\">2.<\/td>\n<td width=\"321\">Lenartowicz<\/td>\n<td width=\"288\">Al. Sp\u00f3\u0142dzielczo\u015bci Pracy 84, 22-147 Lublin<\/td>\n<\/tr>\n<tr>\n<td width=\"45\" height=\"21\">3.<\/td>\n<td width=\"321\">ENERGOZAM<\/td>\n<td width=\"288\">ul. Zag\u0142oby 5, 22-400 Zamo\u015b\u0107<\/td>\n<\/tr>\n<tr>\n<td width=\"45\" height=\"21\">4.<\/td>\n<td width=\"321\">DREWKOL Antoni Kolaja<\/td>\n<td width=\"288\">\u0141abu\u0144ki Pierwsze 52a, 22-437 \u0141abunie<\/td>\n<\/tr>\n<tr>\n<td width=\"45\" height=\"21\">5.<\/td>\n<td width=\"321\">\u201eEkran\u201d Ewa Kruk<\/td>\n<td width=\"288\">ul. Wyszy\u0144skiego 52, 22-400 Zamo\u015b\u0107<\/td>\n<\/tr>\n<tr>\n<td width=\"45\" height=\"29\">6.<\/td>\n<td width=\"321\">Przedsi\u0119biorstwo Us\u0142ug Inwestorskich \u201eLege Artis\u201d<\/td>\n<td width=\"288\">ul. Lwowska 40c, 22-400 Zamo\u015b\u0107<\/td>\n<\/tr>\n<tr>\n<td width=\"45\" height=\"21\">7.<\/td>\n<td width=\"321\">\u201eONTARIO\u201d Grela Dariusz<\/td>\n<td width=\"288\">ul. Bazylia\u0144ska 5, 22-400 Zamo\u015b\u0107<\/td>\n<\/tr>\n<tr>\n<td width=\"45\" height=\"21\">8.<\/td>\n<td width=\"321\">Salon fryzjerski \u201eJoanna\u201d<\/td>\n<td width=\"288\">ul. Zamkni\u0119ta 4, 22-400 Zamo\u015b\u0107<\/td>\n<\/tr>\n<tr>\n<td width=\"45\" height=\"29\">9.<\/td>\n<td width=\"321\">INWEX<\/td>\n<td width=\"288\">Brody Ma\u0142e 2c, 22-460 Szczebrzeszyn<\/td>\n<\/tr>\n<tr>\n<td width=\"45\" height=\"21\">10.<\/td>\n<td width=\"321\">\u201eMarynia\u201d Maria Ry\u0144<\/td>\n<td width=\"288\">ul. Wyszy\u0144skiego 2, 22-400 Zamo\u015b\u0107<\/td>\n<\/tr>\n<tr>\n<td width=\"45\" height=\"21\">11.<\/td>\n<td width=\"321\">Z. Cukierniczy Teresa Turek<\/td>\n<td width=\"288\">ul. Nowy Rynek 21a, 22-400 Zamo\u015b\u0107<\/td>\n<\/tr>\n<tr>\n<td width=\"45\" height=\"21\">12.<\/td>\n<td width=\"321\">Salon fryzjerski \u201eIzabela\u201d<\/td>\n<td width=\"288\">ul. Lwowska 22\/11, 22-400 Zamo\u015b\u0107<\/td>\n<\/tr>\n<tr>\n<td width=\"45\" height=\"21\">13.<\/td>\n<td width=\"321\">Piekarnia GRELA<\/td>\n<td width=\"288\">ul. Nowy Rynek 22, 22-400 Zamo\u015b\u0107<\/td>\n<\/tr>\n<tr>\n<td width=\"45\" height=\"21\">14.<\/td>\n<td width=\"321\">Salon fryzjerski \u201eTrendy Hair\u201d<\/td>\n<td width=\"288\">ul. Al.Jana Paw\u0142aII 21a, 22-400 Zamo\u015b\u0107<\/td>\n<\/tr>\n<tr>\n<td width=\"45\" height=\"21\">15.<\/td>\n<td width=\"321\">Piekarnia<\/td>\n<td width=\"288\">ul. Robotnicza 2, 22-400 Zamo\u015b\u0107<\/td>\n<\/tr>\n<tr>\n<td width=\"45\" height=\"21\">16.<\/td>\n<td width=\"321\">Przedsi\u0119biorstwo Gastronomiczne \u201eEwa\u201d<\/td>\n<td width=\"288\">ul. Gminna 25, 22-400 Zamo\u015b\u0107<\/td>\n<\/tr>\n<tr>\n<td width=\"45\" height=\"21\">17.<\/td>\n<td width=\"321\">Salon fryzjerski\u00a0 \u201ePatrycja\u201d<\/td>\n<td width=\"288\">ul. Spadek 45, 22-400 Zamo\u015b\u0107<\/td>\n<\/tr>\n<tr>\n<td width=\"45\" height=\"21\">18.<\/td>\n<td width=\"321\">Zak\u0142ad Cukierniczy<\/td>\n<td width=\"288\">ul. Rynek Wielki 12, 22-400 Zamo\u015b\u0107<\/td>\n<\/tr>\n<tr>\n<td width=\"45\" height=\"21\">19.<\/td>\n<td width=\"321\">Salon fryzjerski \u201eAfro\u201d<\/td>\n<td width=\"288\">ul. Peowiak\u00f3w 6, 22-400 Zamo\u015b\u0107<\/td>\n<\/tr>\n<tr>\n<td width=\"45\" height=\"21\">20.<\/td>\n<td width=\"321\">Przedsi\u0119biorstwo Wielobran\u017cowe \u201aMoto-Box\u2019<\/td>\n<td width=\"288\">ul. Pi\u0142sudskiego 13\/2, 22-400 Zamo\u015b\u0107<\/td>\n<\/tr>\n<tr>\n<td width=\"45\" height=\"21\">21.<\/td>\n<td width=\"321\">Zamojski Szpital Niepubliczny Renata Kozacze\u0144ko<\/td>\n<td width=\"288\">ul. Peowiak\u00f3w 1, 22-400 Zamo\u015b\u0107<\/td>\n<\/tr>\n<tr>\n<td width=\"45\" height=\"21\">22.<\/td>\n<td width=\"321\">\u201eSandra and Patryk\u201d Kudyk Agnieszka i Mariusz<\/td>\n<td width=\"288\">ul. Lwowska 28\/31, 22-400 Zamo\u015b\u0107<\/td>\n<\/tr>\n<tr>\n<td width=\"45\" height=\"21\">23.<\/td>\n<td width=\"321\">Agencja Konsultingowa, Us\u0142ugowo-Handlowa<\/td>\n<td width=\"288\">Kalinowice 187, 22-400 Zamo\u015b\u0107<\/td>\n<\/tr>\n<tr>\n<td width=\"45\" height=\"21\">24.<\/td>\n<td width=\"321\">Zak\u0142ad Fryzjerski \u201eDiana\u201dSurmacz Zbigniew<\/td>\n<td width=\"288\">ul. Nowy Rynek 20, 22-400 Zamo\u015b\u0107<\/td>\n<\/tr>\n<tr>\n<td width=\"45\" height=\"21\">25.<\/td>\n<td width=\"321\">Hotel \u201eWojto\u201d<\/td>\n<td width=\"288\">W\u00f3lka Panie\u0144ska 21d, 22-400 Zamo\u015b\u0107<\/td>\n<\/tr>\n<tr>\n<td width=\"45\" height=\"21\">26.<\/td>\n<td width=\"321\">Zak\u0142ad Mechaniczny NOWAK<\/td>\n<td width=\"288\">Kalinowice 157, 22-400 Zamo\u015b\u0107<\/td>\n<\/tr>\n<tr>\n<td width=\"45\" height=\"21\">27.<\/td>\n<td width=\"321\">CRH Auto \u017bagiel<\/td>\n<td width=\"288\">ul. Roztocze 4, 20-722 Lublin<\/td>\n<\/tr>\n<tr>\n<td width=\"45\" height=\"29\">28.<\/td>\n<td width=\"321\">Salon Samochodowy Nissan AUTO BROKER<\/td>\n<td width=\"288\">Me\u0142giewska 10, 20-209 Lublin<\/td>\n<\/tr>\n<tr>\n<td width=\"45\" height=\"21\">29.<\/td>\n<td width=\"321\">\u201eART.-DOR\u201d<\/td>\n<td width=\"288\">Spadek 45A, 22-400 Zamo\u015b\u0107<\/td>\n<\/tr>\n<tr>\n<td width=\"45\" height=\"21\">30.<\/td>\n<td width=\"321\">Zak\u0142ad Us\u0142ugowo-Handlowy \u201eMan-tom\u201d<\/td>\n<td width=\"288\">ul. Zamoyskiego 51\/11, 22-400 Zamo\u015b\u0107<\/td>\n<\/tr>\n<tr>\n<td width=\"45\" height=\"21\">31.<\/td>\n<td width=\"321\">Serwis \u201eAuto-Technik\u201d<\/td>\n<td width=\"288\">ul. Majdan 62, 22-400 Zamo\u015b\u0107<\/td>\n<\/tr>\n<tr>\n<td width=\"45\" height=\"29\">32.<\/td>\n<td width=\"321\">PIEKARNIA ROMAN KRAWIEC<\/td>\n<td width=\"288\">ul. Komar\u00f3w Dolny 36A, 22-620 Komar\u00f3w-Osada<\/td>\n<\/tr>\n<tr>\n<td width=\"45\" height=\"21\">33.<\/td>\n<td width=\"321\">Piekarnia<\/td>\n<td width=\"288\">Mi\u0105czyn 110a, 22-455 Mi\u0105czyn<\/td>\n<\/tr>\n<tr>\n<td width=\"45\" height=\"21\">34.<\/td>\n<td width=\"321\">Perfekt Dachy<\/td>\n<td width=\"288\">Zawada 2d, 22-400 Zamo\u015b\u0107<\/td>\n<\/tr>\n<tr>\n<td width=\"45\" height=\"21\">35.<\/td>\n<td width=\"321\">Firma Handlowo-Us\u0142ugowo-produkcyjna \u201eRolkap\u201d<\/td>\n<td width=\"288\">ul. Lwowska 62, 22-400 Zamo\u015b\u0107<\/td>\n<\/tr>\n<tr>\n<td width=\"45\" height=\"21\">36.<\/td>\n<td width=\"321\">SIPMOT<\/td>\n<td width=\"288\">M\u0142y\u0144ska, 22-400 Zamo\u015b\u0107<\/td>\n<\/tr>\n<tr>\n<td width=\"45\" height=\"21\">37.<\/td>\n<td width=\"321\">Wasil Mariusz Zak\u0142ad Piekarniczo-Cukierniczy<\/td>\n<td width=\"288\">ul. Szwedzka 24, 22-400 Zamo\u015b\u0107<\/td>\n<\/tr>\n<tr>\n<td width=\"45\" height=\"21\">38.<\/td>\n<td width=\"321\">Zak\u0142ad Poligraficzny<\/td>\n<td width=\"288\">ul. Ogrodnicza 34, 22-400 Zamo\u015b\u0107<\/td>\n<\/tr>\n<tr>\n<td width=\"45\" height=\"21\">39.<\/td>\n<td width=\"321\">Zak\u0142ad Fryzjerski \u201ePaula\u201d<\/td>\n<td width=\"288\">ul. Wiejska 17, 22-400 Zamo\u015b\u0107<\/td>\n<\/tr>\n<tr>\n<td width=\"45\" height=\"21\">40.<\/td>\n<td width=\"321\">Salon Fryzjerski \u201eMadame\u201d<\/td>\n<td width=\"288\">ul. Partyzant\u00f3w 59, 22-400 Zamo\u015b\u0107<\/td>\n<\/tr>\n<tr>\n<td width=\"45\" height=\"21\">41.<\/td>\n<td width=\"321\">Salon Fryzjerski \u201eVictoria\u201d<\/td>\n<td width=\"288\">ul. Wyszy\u0144skiego 39, 22-400 Zamo\u015b\u0107<\/td>\n<\/tr>\n<tr>\n<td width=\"45\" height=\"21\">42.<\/td>\n<td width=\"321\">Salon Fryzjerski<\/td>\n<td width=\"288\">ul. Spadek 23, 22-400 Zamo\u015b\u0107<\/td>\n<\/tr>\n<tr>\n<td width=\"45\" height=\"21\">43.<\/td>\n<td width=\"321\">Piekarnia Kucharscy<\/td>\n<td width=\"288\">ul. Pi\u0142sudskiego 29, 22-400 Zamo\u015b\u0107<\/td>\n<\/tr>\n<tr>\n<td width=\"45\" height=\"21\">44.<\/td>\n<td width=\"321\">PPH \u201eSmako\u0142yk\u201d<\/td>\n<td width=\"288\">ul. Pi\u0142sudskiego29b, 22-400 Zamo\u015b\u0107<\/td>\n<\/tr>\n<tr>\n<td width=\"45\" height=\"21\">45.<\/td>\n<td width=\"321\">Hotel-Restauracja \u201eCarskie Koszary\u201d<\/td>\n<td width=\"288\">ul. Koszary 11, 22-400 Zamo\u015b\u0107<\/td>\n<\/tr>\n<tr>\n<td width=\"45\" height=\"21\">46.<\/td>\n<td width=\"321\">Bar \u201eAsia\u201d<\/td>\n<td width=\"288\">ul. Staszica 6, 22-400 Zamo\u015b\u0107<\/td>\n<\/tr>\n<tr>\n<td width=\"45\" height=\"21\">47.<\/td>\n<td width=\"321\">Salon Fryzjerski \u201eB\u0105d\u017a Pi\u0119kna\u201d<\/td>\n<td width=\"288\">ul. Polna 12b, 22-400 Zamo\u015b\u0107<\/td>\n<\/tr>\n<tr>\n<td width=\"45\" height=\"21\">48.<\/td>\n<td width=\"321\">Salon Fryzjerski<\/td>\n<td width=\"288\">ul. Hrubieszowska 1, 22-400 Zamo\u015b\u0107<\/td>\n<\/tr>\n<tr>\n<td width=\"45\" height=\"21\">49.<\/td>\n<td width=\"321\">Salon Fryzjerski<\/td>\n<td width=\"288\">ul. Wyszy\u0144skiego 51b, 22-400 Zamo\u015b\u0107<\/td>\n<\/tr>\n<tr>\n<td width=\"45\" height=\"21\">50.<\/td>\n<td width=\"321\">Salon Fryzjerski \u201eDiana\u201d<\/td>\n<td width=\"288\">ul. Nowy Rynek 20, 22-400 Zamo\u015b\u0107<\/td>\n<\/tr>\n<tr>\n<td width=\"45\" height=\"21\">51.<\/td>\n<td width=\"321\">PHU \u201eBetix\u201d<\/td>\n<td width=\"288\">ul. Orla 1\/11, 22-400 Zamo\u015b\u0107<\/td>\n<\/tr>\n<tr>\n<td width=\"45\" height=\"21\">52.<\/td>\n<td width=\"321\">GRAND<\/td>\n<td width=\"288\">ul. Starowiejska 8, 22-400 Zamo\u015b\u0107<\/td>\n<\/tr>\n<tr>\n<td width=\"45\" height=\"21\">53.<\/td>\n<td width=\"321\">MOBILES<\/td>\n<td width=\"288\">ul. Namys\u0142owskiego 2, 22-400 Zamo\u015b\u0107<\/td>\n<\/tr>\n<tr>\n<td width=\"45\" height=\"21\">54.<\/td>\n<td width=\"321\">AUTO \u2013 SERVICE \u2013 STAWOX<\/td>\n<td width=\"288\">ul. Ko\u015bcielna 6, 22-630 Tyszowce<\/td>\n<\/tr>\n<tr>\n<td width=\"45\" height=\"21\">55.<\/td>\n<td width=\"321\">Zak\u0142ad fryzjerski \u201eLUNA\u201d<\/td>\n<td width=\"288\">ul. Hrubieszowska 17, 22-400 Zamo\u015b\u0107<\/td>\n<\/tr>\n<tr>\n<td width=\"45\" height=\"21\">56.<\/td>\n<td width=\"321\">Zak\u0142ad Og\u00f3lno Bud. \u201eMALBUD\u201d<\/td>\n<td width=\"288\">ul. Hrubieszowska 101A, 22-400 Zamo\u015b\u0107<\/td>\n<\/tr>\n<tr>\n<td width=\"45\" height=\"21\">57.<\/td>\n<td width=\"321\">APARTMENT<\/td>\n<td width=\"288\">ul. Zemborzycka 59a, 20-445 Lublin<\/td>\n<\/tr>\n<tr>\n<td width=\"45\" height=\"21\">58.<\/td>\n<td width=\"321\">MAZUREK<\/td>\n<td width=\"288\">ul. \u0141\u0119czna 1, 22-400 Zamo\u015b\u0107<\/td>\n<\/tr>\n<tr>\n<td width=\"45\" height=\"21\">59.<\/td>\n<td width=\"321\">Fix Forum Lider<\/td>\n<td width=\"288\">ul. Konopnicka 164E, 21-030 Motycz<\/td>\n<\/tr>\n<tr>\n<td width=\"45\" height=\"21\">60.<\/td>\n<td width=\"321\">Fix Forum Lider<\/td>\n<td width=\"288\">ul. Lwowska, 22-400 Zamo\u015b\u0107<\/td>\n<\/tr>\n<\/tbody>\n<\/table>\n\n\t\t<\/div>\n\t<\/div>\n<\/div><\/div><\/div><div class=\"wpb_column vc_column_container vc_col-sm-4\"><div class=\"vc_column-inner\"><div class=\"wpb_wrapper\"><div  class=\"wpb_widgetised_column wpb_content_element\">\n\t\t<div class=\"wpb_wrapper\">\n\t\t\t\n\t\t\t<div id=\"text-4\" class=\"blog_widget widget_text\"><h5 class=\"widget-title\"><span>\u041a\u041e\u041d\u0422\u0410\u041a\u0422\u041d\u0406 \u0414\u0410\u041d\u0406<\/span><\/h5>\t\t\t<div class=\"textwidget\"><p><strong>\u0420\u0415\u041c\u0406\u0421\u041d\u0418\u0427\u0415 \u041f\u0420\u041e\u0424\u0415\u0421\u0406\u0419\u041d\u041e-\u0422\u0415\u0425\u041d\u0406\u0427\u041d\u0415 \u0423\u0427\u0418\u041b\u0418\u0429\u0415 \u0412 \u0417\u0410\u041c\u041e\u0421\u0422\u0406<\/strong><\/p>\n<p>\u0415\u043b\u0435\u043a\u0442\u0440\u043e\u043d\u043d\u0430 \u043f\u043e\u0448\u0442\u0430: szkola@rzemieslnicza.pl<br \/>\n\u0422\u0435\u043b\u0435\u0444\u043e\u043d: (84) 639 79 17<\/p>\n<p><strong>\u0428\u041a\u0406\u041b\u042c\u041d\u0418\u0419 \u0421\u0415\u041a\u0420\u0415\u0422\u0410\u0420\u0406\u0410\u0422<\/strong><br \/>\n\u0412\u0443\u043b\u0438\u0446\u044f \u041a\u0440\u0430\u0441\u043d\u043e\u0431\u0440\u043e\u0434\u0441\u044c\u043a\u0430 9, 22-400 \u0417\u0430\u043c\u043e\u0441\u0442\u044c, \u041f\u043e\u043b\u044c\u0449\u0430<br \/>\n\u041f\u043e\u043d\u0435\u0434\u0456\u043b\u043e\u043a. - \u041f\u043d-\u043f\u0442 08:00-15:00<\/p>\n<p><strong>\u0414\u0418\u0420\u0415\u041a\u0422\u041e\u0420 \u0428\u041a\u041e\u041b\u0418<\/strong><br \/>\n\u0410\u043d\u043d\u0430 \u0413\u043e\u0434\u0437\u0456\u0448\u0435\u0432\u0441\u044c\u043a\u0430, \u043c\u0430\u0433\u0456\u0441\u0442\u0440<\/p>\n<p><strong>\u0428\u041a\u0406\u041b\u042c\u041d\u0418\u0419 \u0412\u0427\u0418\u0422\u0415\u041b\u042c<\/strong><br \/>\n\u041a\u0430\u0442\u0430\u0436\u0438\u043d\u0430 \u041b\u0430\u043f\u0430, \u043c\u0430\u0433\u0456\u0441\u0442\u0440 \u043c\u0430\u0433\u0456\u0441\u0442\u0440\u0430\u0442\u0443\u0440\u0438<\/p>\n<p><strong>\u0428\u041a\u0406\u041b\u042c\u041d\u0418\u0419 \u041f\u0421\u0418\u0425\u041e\u041b\u041e\u0413<\/strong><br \/>\n\u041f\u0430\u043d\u0456 \u0421\u0438\u043b\u044c\u0432\u0456\u044f \u041f\u044c\u043e\u0442\u0440\u043e\u0432\u0441\u044c\u043a\u0430<\/p>\n<p><strong>\u041f\u0420\u0415\u0414\u0421\u0422\u0410\u0412\u041d\u0418\u041a\u041e\u041c \u041d\u0410\u0428\u041e\u0407 \u0428\u041a\u041e\u041b\u0418 \u0412 \u0423\u041a\u0420\u0410\u0407\u041d\u0406 \u0404<\/strong><br \/>\n\u041d\u043e\u0432\u0430\u0446\u044c\u043a\u0438\u0439 \u0412\u043e\u043b\u043e\u0434\u0438\u043c\u0438\u0440 (\u041d\u043e\u0432\u0430\u0446\u044c\u043a\u0438\u0439 \u0412\u043e\u043b\u043e\u0434\u0438\u043c\u0438\u0440)<br \/>\n\u0422\u0435\u043b. +380673620425, +380503750547<\/p>\n<\/div>\n\t\t<\/div>\n\t\t<\/div>\n\t<\/div>\n<\/div><\/div><\/div><\/div><div class=\"vc_row-full-width vc_clearfix\"><\/div>\n<\/div>","protected":false},"excerpt":{"rendered":"Lp. Nazwa Adres 1. O\u015brodek Wypoczynkowy \u201eMarta\u201d ul. Lelewela 14, 22-440 Krasnobr\u00f3d 2. Lenartowicz Al. Sp\u00f3\u0142dzielczo\u015bci Pracy 84, 22-147 Lublin 3. ENERGOZAM ul. Zag\u0142oby 5, 22-400 Zamo\u015b\u0107 [...]","protected":false},"author":1,"featured_media":0,"parent":0,"menu_order":0,"comment_status":"closed","ping_status":"closed","template":"","meta":{"footnotes":""},"class_list":["post-6584","page","type-page","status-publish","hentry"],"_links":{"self":[{"href":"https:\/\/www.rzemieslnicza.pl\/uk\/wp-json\/wp\/v2\/pages\/6584","targetHints":{"allow":["GET"]}}],"collection":[{"href":"https:\/\/www.rzemieslnicza.pl\/uk\/wp-json\/wp\/v2\/pages"}],"about":[{"href":"https:\/\/www.rzemieslnicza.pl\/uk\/wp-json\/wp\/v2\/types\/page"}],"author":[{"embeddable":true,"href":"https:\/\/www.rzemieslnicza.pl\/uk\/wp-json\/wp\/v2\/users\/1"}],"replies":[{"embeddable":true,"href":"https:\/\/www.rzemieslnicza.pl\/uk\/wp-json\/wp\/v2\/comments?post=6584"}],"version-history":[{"count":3,"href":"https:\/\/www.rzemieslnicza.pl\/uk\/wp-json\/wp\/v2\/pages\/6584\/revisions"}],"predecessor-version":[{"id":7036,"href":"https:\/\/www.rzemieslnicza.pl\/uk\/wp-json\/wp\/v2\/pages\/6584\/revisions\/7036"}],"wp:attachment":[{"href":"https:\/\/www.rzemieslnicza.pl\/uk\/wp-json\/wp\/v2\/media?parent=6584"}],"curies":[{"name":"wp","href":"https:\/\/api.w.org\/{rel}","templated":true}]}}