{"id":6570,"date":"2024-03-27T11:23:02","date_gmt":"2024-03-27T11:23:02","guid":{"rendered":"https:\/\/www.rzemieslnicza.pl\/?page_id=6570"},"modified":"2024-05-13T08:08:04","modified_gmt":"2024-05-13T08:08:04","slug":"osiagniecia","status":"publish","type":"page","link":"https:\/\/www.rzemieslnicza.pl\/uk\/osiagniecia\/","title":{"rendered":"\u0414\u043e\u0441\u044f\u0433\u043d\u0435\u043d\u043d\u044f"},"content":{"rendered":"<div class=\"wpb-content-wrapper\"><div data-vc-full-width=\"true\" data-vc-full-width-init=\"false\" class=\"vc_row wpb_row vc_row-fluid vc_custom_1711538464132 vc_column-gap-35\"><div class=\"wpb_column vc_column_container vc_col-sm-8\"><div class=\"vc_column-inner vc_custom_1516095665984\"><div class=\"wpb_wrapper\"><div class=\"vc_tta-container\" data-vc-action=\"collapseAll\"><div class=\"vc_general vc_tta vc_tta-accordion vc_tta-color-grey vc_tta-style-flat vc_tta-shape-rounded vc_tta-o-shape-group vc_tta-gap-5 vc_tta-controls-align-default vc_tta-o-all-clickable\"><div class=\"vc_tta-panels-container\"><div class=\"vc_tta-panels\"><div class=\"vc_tta-panel\" id=\"1711538646964-18948dd4-f031\" data-vc-content=\".vc_tta-panel-body\"><div class=\"vc_tta-panel-heading\"><h4 class=\"vc_tta-panel-title vc_tta-controls-icon-position-left\"><a href=\"#1711538646964-18948dd4-f031\" data-vc-accordion data-vc-container=\".vc_tta-container\"><span class=\"vc_tta-title-text\">2016<\/span><i class=\"vc_tta-controls-icon vc_tta-controls-icon-plus\"><\/i><\/a><\/h4><\/div><div class=\"vc_tta-panel-body\">\n\t<div class=\"wpb_text_column wpb_content_element\" >\n\t\t<div class=\"wpb_wrapper\">\n\t\t\t<div class=\"accordion-content\">\n<div class=\"shortcode-list check\">\n<ul>\n<li>V miejsce dla <strong>Aleksandry Ma\u0142eckiej<\/strong> w Otwartych Mistrzostwach Fryzjerstwa Polskiego w Poznaniu \u2013 maj 2016<\/li>\n<li>XV miejsce dla <strong>Patrycji Szczepa\u0144skiej<\/strong> w Otwartych Mistrzostwach Fryzjerstwa Polskiego w Poznaniu \u2013 maj 2016<\/li>\n<li>XVI miejsce dla <strong>Joanny Panas<\/strong> w Otwartych Mistrzostwach Fryzjerstwa Polskiego w Poznaniu \u2013 maj 2016<\/li>\n<li><strong>Grzegorz Ciesielski<\/strong> finalist\u0105 II Og\u00f3lnopolskich Mistrzostw M\u0142odych Lakiernik\u00f3w \u2013 kwiecie\u0144 2016<\/li>\n<li><strong>Grzegorz Tucki<\/strong> finalist\u0105 II Og\u00f3lnopolskich Mistrzostw M\u0142odych Lakiernik\u00f3w \u2013 kwiecie\u0144 2016<\/li>\n<li>I miejsce i tytu\u0142 Mistrza Junior\u00f3w Lubelszczyzny 2015 dla <strong>Patrycji Szczepa\u0144skiej<\/strong> w XIX Mistrzostwach Fryzjerstwa \u2013 Lublin \u2013 marzec 2016<\/li>\n<li>III miejsce we fryzjerstwie damskim dla <strong>Joanny Panas<\/strong> w XIX Mistrzostwach Fryzjerstwa w konkurencji indywidualnej plecionki i warkocze na d\u0142ugich w\u0142osach \u2013 Lublin \u2013 marzec 2015<\/li>\n<li>I miejsce dla <strong>Aleksandry Ma\u0142eckiej<\/strong> w XIX Mistrzostwach Fryzjerstwa w konkurencji indywidualnej \u201ePlecionki i warkocze\u201d \u2013 Lublin \u2013 marzec 2016<\/li>\n<li>III miejsce dla <strong>Aleksandry Ma\u0142eckiej<\/strong> w XIX Mistrzostwach Fryzjerstwa w konkurencji indywidualnej \u201eFale wyciskane na mokro\u201d \u2013 Lublin \u2013 marzec 2016<\/li>\n<li>IV miejsce dla <strong>Kingi Brzozowskiej <\/strong>w wojew\u00f3dzkim etapie XIX Turnieju Piekarskiego im. Anny Butki (fina\u0142 w Poznaniu) \u2013 Lublin \u2013 stycze\u0144 2016<\/li>\n<li>V miejsce dla <strong>Ewy Stadnik <\/strong>w wojew\u00f3dzkim etapie XIX Turnieju Piekarskiego im. Anny Butki (fina\u0142 w Poznaniu) \u2013 Lublin \u2013 stycze\u0144 2016<\/li>\n<\/ul>\n<\/div>\n<\/div>\n\n\t\t<\/div>\n\t<\/div>\n<\/div><\/div><div class=\"vc_tta-panel\" id=\"1711538646986-9e1ef02d-cabd\" data-vc-content=\".vc_tta-panel-body\"><div class=\"vc_tta-panel-heading\"><h4 class=\"vc_tta-panel-title vc_tta-controls-icon-position-left\"><a href=\"#1711538646986-9e1ef02d-cabd\" data-vc-accordion data-vc-container=\".vc_tta-container\"><span class=\"vc_tta-title-text\">2015<\/span><i class=\"vc_tta-controls-icon vc_tta-controls-icon-plus\"><\/i><\/a><\/h4><\/div><div class=\"vc_tta-panel-body\">\n\t<div class=\"wpb_text_column wpb_content_element\" >\n\t\t<div class=\"wpb_wrapper\">\n\t\t\t<div class=\"accordion-content\">\n<div class=\"shortcode-list check\">\n<ul>\n<li>I miejsce dla <strong>Karola G\u0142owackiego<\/strong>, II miejsca dla <strong>Micha\u0142a \u0141oja<\/strong> i III miejsce dla <strong>Bartek Gardzio\u0142a<\/strong> w II Mistrzostwach RZSZ w Armwrestlingu \u2013 Zamo\u015b\u0107 \u2013 listopad 2015<\/li>\n<li>III miejsce dla <strong>Joanny Jakubiak<\/strong> w Og\u00f3lnopolskim Konkursie \u201eSezon na owoce\u201d, zorganizowanym przez portal internetowy i czasopismo dla cukiernik\u00f3w i piekarzy \u201eMistrz Bran\u017cy\u201d \u2013 czerwiec 2015<\/li>\n<li>Puchar Przechodni Dyrektora RZSZ dla <strong>klasy IC RZSZ <\/strong>w turnieju pi\u0142ki no\u017cnej podczas Dnia Sportu Szkolnego \u2013 Zamo\u015b\u0107 \u2013 czerwiec 2015<\/li>\n<li>II miejsce dla <strong>RZSZ<\/strong> w klasyfikacji dru\u017cynowej podczas Parafiady \u2013 Zamo\u015b\u0107 \u2013 maj 2015<\/li>\n<li>II miejsce dla<strong> Grzegorza Gajdy <\/strong>i III miejsce dla <strong>Adama Kozieja<\/strong> w II Konkursie badminton podczas Parafiady \u2013 Zamo\u015b\u0107 \u2013 maj 2015<\/li>\n<li>I miejsce dla<strong> Adama Kozieja,<\/strong> II miejsce dla <strong>Grzegorza Gajdy\u00a0<\/strong>i III miejsce dla <strong>Karola Jurczyszyna<\/strong> w II Konkursie tenisa sto\u0142owego podczas Parafiady \u2013 Zamo\u015b\u0107 \u2013 maj 2015<\/li>\n<li>I miejsce dla<strong> Przemys\u0142awa Wojciechowskiego\u00a0<\/strong>i II miejsce dla <strong>Joanny Buczy\u0144skiej<\/strong> w II Konkursie w warcaby podczas Parafiady \u2013 Zamo\u015b\u0107 \u2013 maj 2015<\/li>\n<li>II miejsce dla <strong>Oli Rusztyn<\/strong> w II Konkursie biblijnym podczas Parafiady \u2013 Zamo\u015b\u0107 \u2013 maj 2015<\/li>\n<li><strong>Marcin Kawa\u0142ko<\/strong> finalist\u0105 XV edycji Og\u00f3lnopolskiego Konkursu Wiedzy o Zasadach BHP \u201eBezpiecznie od startu\u201d \u2013 Warszawa \u2013 maj 2015<\/li>\n<li>I miejsce dla <strong>Joanny Jakubiak<\/strong> w Og\u00f3lnopolskim Konkursie na Najlepsz\u0105 Receptur\u0119 Wielkanocn\u0105, zorganizowanym przez portal internetowy i czasopismo dla cukiernik\u00f3w i piekarzy \u201eMistrz Bran\u017cy\u201d \u2013 kwiecie\u0144 2015<\/li>\n<li>I miejsce dla <strong>Agnieszki Szyper<\/strong> w Og\u00f3lnopolskim Konkursie na Najlepsz\u0105 Receptur\u0119 Wielkanocn\u0105, zorganizowanym przez portal internetowy i czasopismo dla cukiernik\u00f3w i piekarzy \u201eMistrz Bran\u017cy\u201d \u2013 kwiecie\u0144 2015<\/li>\n<li>I miejsce dla <strong>Waldemara Dziuby<\/strong>, II miejsce dla <strong>Kamila Kozio\u0142a<\/strong> i III miejsce dla <strong>Paw\u0142a Lisa<\/strong> w IV edycji Mistrzostw RZSZ w Tenisie Sto\u0142owym \u2013 Zamo\u015b\u0107 \u2013 kwiecie\u0144 2015<\/li>\n<li>III miejsce dla Rzemie\u015blniczej Zasadniczej Szko\u0142y Zawodowej w Zamo\u015bciu w sk\u0142adzie: <strong>Patryk Mazurek<\/strong>, <strong>Norbert Jaszak<\/strong>, <strong>Kamil Franczuk <\/strong>w eliminacjach do Og\u00f3lnopolskiego Konkursu M\u0142odzie\u017cowego Turnieju Motoryzacyjnego \u2013 Zamo\u015b\u0107 \u2013 kwiecie\u0144 2015<\/li>\n<li>I miejsce dla <strong>Marcina Kawa\u0142ko<\/strong> w etapie regionalnym XV edycji Og\u00f3lnopolskiego Konkursu Wiedzy o Zasadach BHP \u201eBezpiecznie od startu\u201d \u2013 Lublin \u2013 kwiecie\u0144 2015<\/li>\n<li>I miejsce dla <strong>Patrycji Szczepa\u0144skiej<\/strong> w XVIII Mistrzostwach Fryzjerstwa\u00a0w konkurencji indywidualnej plecionki i warkocze na d\u0142ugich w\u0142osach \u2013 Lublin \u2013 marzec 2015<\/li>\n<li>I miejsce i tytu\u0142 Mistrza Junior\u00f3w Lubelszczyzny 2015 dla <strong>Adriana R\u0119korajskiego<\/strong> w XVIII Mistrzostwach Fryzjerstwa \u2013 Lublin \u2013 marzec 2015<\/li>\n<li>Wyr\u00f3\u017cnienie dla <strong>Joanny Panas<\/strong> w IV edycji Konkursu Fryzjerskiego w Rzemio\u015ble w siedzibie zamojskiego Cechu<strong> \u2013 <\/strong>Zamo\u015b\u0107 \u2013 luty 2015<\/li>\n<li>III miejsce dla <strong>Magdaleny Szczerek<\/strong> w IV edycji Konkursu Fryzjerskiego w Rzemio\u015ble w siedzibie zamojskiego Cechu<strong> \u2013 <\/strong>Zamo\u015b\u0107 \u2013 luty 2015<\/li>\n<li>I miejsce dla <strong>Adriana R\u0119korajskiego<\/strong> w IV edycji Konkursu Fryzjerskiego w Rzemio\u015ble w siedzibie zamojskiego Cechu<strong> \u2013 <\/strong>Zamo\u015b\u0107 \u2013 luty 2015<\/li>\n<li>VI miejsce dla <strong>Magdaleny Ostapi\u0144skiej <\/strong>w wojew\u00f3dzkim etapie XVIII Turnieju Cukierniczego im. Wojciecha Kandulskiego (fina\u0142 w Poznaniu) \u2013 Lublin \u2013 stycze\u0144 2015<\/li>\n<li>IV miejsce dla <strong>Kingi Brzozowskiej <\/strong>w wojew\u00f3dzkim etapie XVIII Turnieju Piekarskiego im. Anny Butki (fina\u0142 w Poznaniu) \u2013 Lublin \u2013 stycze\u0144 2015<\/li>\n<\/ul>\n<\/div>\n<\/div>\n\n\t\t<\/div>\n\t<\/div>\n<\/div><\/div><div class=\"vc_tta-panel\" id=\"1711538663504-8e34c34f-26d5\" data-vc-content=\".vc_tta-panel-body\"><div class=\"vc_tta-panel-heading\"><h4 class=\"vc_tta-panel-title vc_tta-controls-icon-position-left\"><a href=\"#1711538663504-8e34c34f-26d5\" data-vc-accordion data-vc-container=\".vc_tta-container\"><span class=\"vc_tta-title-text\">2014<\/span><i class=\"vc_tta-controls-icon vc_tta-controls-icon-plus\"><\/i><\/a><\/h4><\/div><div class=\"vc_tta-panel-body\">\n\t<div class=\"wpb_text_column wpb_content_element\" >\n\t\t<div class=\"wpb_wrapper\">\n\t\t\t<div class=\"accordion-content\">\n<div class=\"shortcode-list check\">\n<ul>\n<li>I miejsce dla <strong>Karola G\u0142owackiego<\/strong>, II miejsca dla <strong>Rafa\u0142a Buka\u0142y<\/strong> i III miejsce dla <strong>Bart\u0142omieja Nogacza<\/strong> w I Mistrzostwach RZSZ w Armwrestlingu \u2013 Zamo\u015b\u0107 \u2013 listopad 2014<\/li>\n<li>I miejsce dla <strong>Karola Kurz\u0119py<\/strong>, <strong>Kamila G\u00f3rnika<\/strong>, <strong>Mateusza Szcz\u0119snego<\/strong>, <strong>Przemys\u0142awa Powro\u017anika<\/strong> i <strong>Karola Jurczyszyna<\/strong> w pi\u0142ce no\u017cnej w Parafiadzie \u2013 Zamo\u015b\u0107 \u2013 maj 2014<\/li>\n<li>I miejsce dla <strong>Kamila G\u00f3rnika<\/strong> i II miejsce dla <strong>Karola Jurczyszyna<\/strong> w biegu na 100 metr\u00f3w podczas Parafiady \u2013 Zamo\u015b\u0107 \u2013 maj 2014<\/li>\n<li>III miejsce dla <strong>Mateusza Szcz\u0119snego<\/strong> w gr\u0119 w warcaby podczas Parafiady \u2013 Zamo\u015b\u0107 \u2013 maj 2014<\/li>\n<li>II miejsce dla <strong>Arlety Cieliszak<\/strong> w konkursie biblijnym podczas Parafiady \u2013 Zamo\u015b\u0107 \u2013 maj \u2013 2014<\/li>\n<li>VIII miejsce dla <strong>Adriana R\u0119korajskiego<\/strong> w finale XIV edycji Og\u00f3lnopolskiego Konkursu Wiedzy o Zasadach BHP \u201eBezpiecznie od startu\u201d \u2013 Warszawa \u2013 maj 2014<\/li>\n<li>I miejsce dla <strong>Anny Stadnik<\/strong> w Og\u00f3lnopolskim Konkursie na Najlepsz\u0105 Receptur\u0119 Wielkanocn\u0105, zorganizowanym przez portal internetowy i czasopismo dla cukiernik\u00f3w i piekarzy \u201eMistrz Bran\u017cy\u201d \u2013 kwiecie\u0144 2014<\/li>\n<li>X miejsce dla <strong>Pauliny Miku\u0142y<\/strong> w XIV Otwartych Mistrzostwach Fryzjerstwa Polskiego w kategorii Juniorzy \u2013 Pozna\u0144 \u2013 kwiecie\u0144 2014<\/li>\n<li>XI miejsce dla <strong>Adriana R\u0119korajskiego<\/strong> w XIV Otwartych Mistrzostwach Fryzjerstwa Polskiego w kategorii Juniorzy \u2013 Pozna\u0144 \u2013 kwiecie\u0144 2014<\/li>\n<li>II miejsce dla <strong>Kamila Ko\u015bcika<\/strong>, <strong>Patryka Mazurka<\/strong> i <strong>Paw\u0142a Wnuka<\/strong> w Og\u00f3lnopolskim M\u0142odzie\u017cowym Turnieju Motoryzacyjnym \u2013 Zamo\u015b\u0107 \u2013 kwiecie\u0144 2014<\/li>\n<li>I miejsce dla <strong>Adriana R\u0119korajskiego<\/strong> w etapie regionalnym XIV edycji Og\u00f3lnopolskiego Konkursu Wiedzy o Zasadach BHP \u201eBezpiecznie od startu\u201d \u2013 Lublin \u2013 kwiecie\u0144 2014<\/li>\n<li>I miejsce i tytu\u0142 Mistrza Junior\u00f3w Lubelszczyzny 2014 dla <strong>Adriana R\u0119korajskiego<\/strong> w XVII Mistrzostwach Fryzjerstwa \u2013 Lublin \u2013 marzec 2014<\/li>\n<li>III miejsce w konkurencji indywidualnej wyciskania fal na mokro dla <strong>Pauliny Miku\u0142y<\/strong> w XVII Mistrzostwach Fryzjerstwa \u2013 Lublin \u2013 marzec 2014<\/li>\n<li>V miejsce dla <strong>Agaty Nowosadowskiej<\/strong> i <strong>Anny Stadnik<\/strong> w Mistrzostwach Polski Cukiernik\u00f3w \u2013 Warszawa \u2013 luty 2014<\/li>\n<li>III miejsce dla <strong>Pauliny Miku\u0142y<\/strong> podczas III edycji Konkursu Fryzjerskiego w konkurencji wyciskania fal na mokro w siedzibie zamojskiego Cechu \u2013 Zamo\u015b\u0107 \u2013 luty 2014<\/li>\n<li>I miejsce dla <strong>Rafa\u0142a Macioszka<\/strong> za najlepszego ucznia w zawodzie piekarz w ramach dw\u00f3ch og\u00f3lnopolskich konkurs\u00f3w: XIX edycji Turnieju na Najlepszego Ucznia w Zawodzie Cukiernik i Piekarz (fina\u0142 we Wroc\u0142awiu) oraz XVII edycji Turnieju Cukierniczego im. Wojciecha Kandulskiego i Piekarskiego im. Anny Butki (fina\u0142 w Poznaniu) \u2013 Lublin \u2013 stycze\u0144 2014<\/li>\n<li>II miejsce dla <strong>Anny Stadnik<\/strong> w turnieju cukierniczym w ramach dw\u00f3ch og\u00f3lnopolskich konkurs\u00f3w: XIX edycji Turnieju na Najlepszego Ucznia w Zawodzie Cukiernik i Piekarz (fina\u0142 we Wroc\u0142awiu) oraz XVII edycji Turnieju Cukierniczego im. Wojciecha Kandulskiego i Piekarskiego im. Anny Butki (fina\u0142 w Poznaniu) \u2013 Lublin \u2013 stycze\u0144 2014<\/li>\n<li>IV miejsce dla <strong>Agaty Nowosadowskiej<\/strong> w turnieju cukierniczym w ramach dw\u00f3ch og\u00f3lnopolskich konkurs\u00f3w: XIX edycji Turnieju na Najlepszego Ucznia w Zawodzie Cukiernik i Piekarz (fina\u0142 we Wroc\u0142awiu) oraz XVII edycji Turnieju Cukierniczego im. Wojciecha Kandulskiego i Piekarskiego im. Anny Butki (fina\u0142 w Poznaniu) \u2013 Lublin \u2013 stycze\u0144 2014<\/li>\n<\/ul>\n<\/div>\n<\/div>\n\n\t\t<\/div>\n\t<\/div>\n<\/div><\/div><div class=\"vc_tta-panel\" id=\"1711538664556-aeef0dea-a3a2\" data-vc-content=\".vc_tta-panel-body\"><div class=\"vc_tta-panel-heading\"><h4 class=\"vc_tta-panel-title vc_tta-controls-icon-position-left\"><a href=\"#1711538664556-aeef0dea-a3a2\" data-vc-accordion data-vc-container=\".vc_tta-container\"><span class=\"vc_tta-title-text\">2013<\/span><i class=\"vc_tta-controls-icon vc_tta-controls-icon-plus\"><\/i><\/a><\/h4><\/div><div class=\"vc_tta-panel-body\">\n\t<div class=\"wpb_text_column wpb_content_element\" >\n\t\t<div class=\"wpb_wrapper\">\n\t\t\t<div class=\"accordion-content\">\n<div class=\"shortcode-list check\">\n<ul>\n<li>III miejsce dla <strong>Piotra Sochy<\/strong> w Wojew\u00f3dzkim Etapie XVIII Edycji Og\u00f3lnopolskiego Turnieju na Najlepszego Ucznia w Zawodzie Piekarz \u2013 Lublin 2013<\/li>\n<li>V miejsce w Miejskiej Licealiadzie w tenisie sto\u0142owym ch\u0142opc\u00f3w \u2013 Zamo\u015b\u0107 2013<\/li>\n<li>II miejsce w Etapie Wojew\u00f3dzkim XVI Og\u00f3lnopolskiego Turnieju Piekarskiego im. Anny Budki dla <strong>Rafa\u0142a Macioszka<\/strong> Lublin \u2013 2013<\/li>\n<li><strong>Piotr Socha<\/strong> i <strong>Rafa\u0142 Macioszek<\/strong> finalistami etapu og\u00f3lnopolskiego Turnieju Piekarskiego im. Anny Budki \u2013 Pozna\u0144 2013<\/li>\n<li>Awans do fina\u0142u Mistrzostw Polski dla <strong>Agaty Nowosadowskiej<\/strong> i <strong>Anny Stadnik<\/strong> Szk\u00f3\u0142 Cukierniczych Expo Sweet \u2013 Warszawa 2013<\/li>\n<li>III miejsce dla <strong>Rzemie\u015blniczej Zasadniczej Szko\u0142y Zawodowej<\/strong> w XII Og\u00f3lnopolskim Pokazie Regionalnych Sto\u0142\u00f3w Wigilijnych \u201eGwiazdka 2013\u2033 w kategorii na najlepsz\u0105 regionaln\u0105 potraw\u0119 wigilijn\u0105 \u2013 Pozna\u0144 \u2013 grudzie\u0144 2013<\/li>\n<li>VII miejsce w Miejskiej Licealiadzie w halowej pi\u0142ce no\u017cnej \u2013 Zamo\u015b\u0107 \u2013 grudzie\u0144 2013<\/li>\n<\/ul>\n<\/div>\n<\/div>\n\n\t\t<\/div>\n\t<\/div>\n<\/div><\/div><div class=\"vc_tta-panel\" id=\"1711538666389-9c883ab4-0e92\" data-vc-content=\".vc_tta-panel-body\"><div class=\"vc_tta-panel-heading\"><h4 class=\"vc_tta-panel-title vc_tta-controls-icon-position-left\"><a href=\"#1711538666389-9c883ab4-0e92\" data-vc-accordion data-vc-container=\".vc_tta-container\"><span class=\"vc_tta-title-text\">2012<\/span><i class=\"vc_tta-controls-icon vc_tta-controls-icon-plus\"><\/i><\/a><\/h4><\/div><div class=\"vc_tta-panel-body\">\n\t<div class=\"wpb_text_column wpb_content_element\" >\n\t\t<div class=\"wpb_wrapper\">\n\t\t\t<div class=\"accordion-content\">\n<div class=\"shortcode-list check\">\n<ul>\n<li>II miejsce dla <strong>Sylwii Kierepki<\/strong> w etapie Wojew\u00f3dzkim XVII Edycji Og\u00f3lnopolskiego Turnieju Na Najlepszego Ucznia w Zawodzie Cukiernik \u2013 Lublin 2012<\/li>\n<li>III miejsce dla <strong>Patrycji Chru\u015bciel<\/strong> w konkursie indywidualnym wyciskania fal podczas XV Mistrzostw Fryzjerstwa Damskiego i M\u0119skiego \u2013 Lublin 2012<\/li>\n<li>I miejsce dla <strong>Magdaleny Drozd<\/strong> w XII Edycji Og\u00f3lnopolskiego Konkursu Wiedzy o Zasadach BHP na szczeblu wojew\u00f3dzkim \u2013 Lublin 2012<\/li>\n<li>II miejsce dla <strong>The Heven\u2019s Door<\/strong> w XI Ekumenicznym Przegl\u0105dzie Pie\u015bni Religijnej \u201eNa zawsze chc\u0119 Tobie gra\u0107 i \u015bpiewa\u0107 Panie\u201d \u2013 Wojs\u0142awice 2012<\/li>\n<li>IX miejsce w Miejskiej Licealiadzie w halowej pi\u0142ce no\u017cnej \u2013 Zamo\u015b\u0107 2012<\/li>\n<li>V miejsce w Wojew\u00f3dzkiej Licealiadzie w badmintonie punktacja dru\u017cynowa ch\u0142opc\u00f3w \u2013 Zamo\u015b\u0107 2012<\/li>\n<li>III miejsce dla <strong>Sylwii Kierepki<\/strong> w XV Og\u00f3lnopolskim Turnieju Cukierniczym \u2013 Pozna\u0144 2012<\/li>\n<li>II miejsce dla <strong>Magdaleny Drozd<\/strong> w klasyfikacji indywidualnej w XII Edycji Og\u00f3lnopolskiego Konkursu Wiedzy o Zasadach BHP \u2013 Warszawa 2012<\/li>\n<\/ul>\n<\/div>\n<\/div>\n\n\t\t<\/div>\n\t<\/div>\n<\/div><\/div><div class=\"vc_tta-panel\" id=\"1711538667107-a8d535af-4bd1\" data-vc-content=\".vc_tta-panel-body\"><div class=\"vc_tta-panel-heading\"><h4 class=\"vc_tta-panel-title vc_tta-controls-icon-position-left\"><a href=\"#1711538667107-a8d535af-4bd1\" data-vc-accordion data-vc-container=\".vc_tta-container\"><span class=\"vc_tta-title-text\">2011<\/span><i class=\"vc_tta-controls-icon vc_tta-controls-icon-plus\"><\/i><\/a><\/h4><\/div><div class=\"vc_tta-panel-body\">\n\t<div class=\"wpb_text_column wpb_content_element\" >\n\t\t<div class=\"wpb_wrapper\">\n\t\t\t<div class=\"accordion-content\">\n<div class=\"shortcode-list check\">\n<ul>\n<li>V miejsce w Miejskiej Licealiadzie w pi\u0142ce r\u0119cznej ch\u0142opc\u00f3w \u2013 Zamo\u015b\u0107 2011<\/li>\n<li>I miejsce dla <strong>Sebastiana Skulskiego<\/strong> w etapie wojew\u00f3dzkim XIV Og\u00f3lnopolskiego Turnieju Cukierniczego im. Wojciecha Kandulskiego \u2013 Lublin 2011<\/li>\n<li>III miejsce dla <strong>Rzemie\u015blniczej Zasadniczej Szko\u0142y Zawodowej<\/strong> w XIV Og\u00f3lnopolskim Turnieju Cukierniczym \u2013 Pozna\u0144 2011<\/li>\n<li>I miejsce dla <strong>Sebastiana Skulskiego<\/strong> w XIV Edycji Turnieju Cukierniczego im. Wojciecha Kandulskiego \u2013 Lublin 2011<\/li>\n<\/ul>\n<\/div>\n<\/div>\n\n\t\t<\/div>\n\t<\/div>\n<\/div><\/div><div class=\"vc_tta-panel\" id=\"1711538670488-0dc60894-2e69\" data-vc-content=\".vc_tta-panel-body\"><div class=\"vc_tta-panel-heading\"><h4 class=\"vc_tta-panel-title vc_tta-controls-icon-position-left\"><a href=\"#1711538670488-0dc60894-2e69\" data-vc-accordion data-vc-container=\".vc_tta-container\"><span class=\"vc_tta-title-text\">2010<\/span><i class=\"vc_tta-controls-icon vc_tta-controls-icon-plus\"><\/i><\/a><\/h4><\/div><div class=\"vc_tta-panel-body\">\n\t<div class=\"wpb_text_column wpb_content_element\" >\n\t\t<div class=\"wpb_wrapper\">\n\t\t\t<div class=\"accordion-content\">\n<div class=\"shortcode-list check\">\n<ul>\n<li>I miejsce dla zespo\u0142u <strong>The Heven\u2019s Door<\/strong> w kategorii Zespo\u0142y Szko\u0142a \u015arednia w IX Ekumenicznym Przegl\u0105dzie Pie\u015bni Religijnej \u2013 Wojs\u0142awice 2010<\/li>\n<li>II miejsce dla zespo\u0142u <strong>The Heven\u2019s Door<\/strong> w III Mi\u0119dzyszkolnym Przegl\u0105dzie Kol\u0119d i Pastora\u0142ek \u2013 Zamo\u015b\u0107 2010<\/li>\n<li>I miejsce na szczeblu wojew\u00f3dzkim w X edycji Og\u00f3lnopolskiego Konkursu Wiedzy o Zasadach BHP Lublin \u2013 2010<\/li>\n<li>I miejsce dla <strong>Katarzyny Krzy\u017can<\/strong> w Konkurencji Fryzjerstwo Damskie XIII Mistrzostwa Fryzjerstwa Damskiego i M\u0119skiego \u2013 Lublin 2010<\/li>\n<li>II miejsce dla <strong>Arkadiusza Gila<\/strong> w klasyfikacji indywidualnej X edycji Og\u00f3lnopolskiego Konkursu Wiedzy o Zasadach BHP \u2013 Warszawa 2010<\/li>\n<li>Dyplom dla <strong>Katarzyny Krzy\u017can<\/strong> za udzia\u0142 w Otwartych Mistrzostwach Fryzjerstwa Polskiego \u2013 Pozna\u0144 \u2013 2010<\/li>\n<\/ul>\n<\/div>\n<\/div>\n\n\t\t<\/div>\n\t<\/div>\n<\/div><\/div><div class=\"vc_tta-panel\" id=\"1711538671231-08d48ecb-c0cb\" data-vc-content=\".vc_tta-panel-body\"><div class=\"vc_tta-panel-heading\"><h4 class=\"vc_tta-panel-title vc_tta-controls-icon-position-left\"><a href=\"#1711538671231-08d48ecb-c0cb\" data-vc-accordion data-vc-container=\".vc_tta-container\"><span class=\"vc_tta-title-text\">2009<\/span><i class=\"vc_tta-controls-icon vc_tta-controls-icon-plus\"><\/i><\/a><\/h4><\/div><div class=\"vc_tta-panel-body\">\n\t<div class=\"wpb_text_column wpb_content_element\" >\n\t\t<div class=\"wpb_wrapper\">\n\t\t\t<p>II miejsce dla <strong>Rzemie\u015blniczej Zasadniczej Szko\u0142y Zawodowej<\/strong> w konkursie dla szk\u00f3\u0142 gastronomicznych \u201eRyby i owoce morza w kuchni polskiej\u201d \u2013 Lublin \u2013 2009<\/p>\n\n\t\t<\/div>\n\t<\/div>\n<\/div><\/div><\/div><\/div><\/div><\/div><\/div><\/div><\/div><div class=\"wpb_column vc_column_container vc_col-sm-4\"><div class=\"vc_column-inner\"><div class=\"wpb_wrapper\"><div  class=\"wpb_widgetised_column wpb_content_element\">\n\t\t<div class=\"wpb_wrapper\">\n\t\t\t\n\t\t\t<div id=\"text-4\" class=\"blog_widget widget_text\"><h5 class=\"widget-title\"><span>\u041a\u041e\u041d\u0422\u0410\u041a\u0422\u041d\u0406 \u0414\u0410\u041d\u0406<\/span><\/h5>\t\t\t<div class=\"textwidget\"><p><strong>\u0420\u0415\u041c\u0406\u0421\u041d\u0418\u0427\u0415 \u041f\u0420\u041e\u0424\u0415\u0421\u0406\u0419\u041d\u041e-\u0422\u0415\u0425\u041d\u0406\u0427\u041d\u0415 \u0423\u0427\u0418\u041b\u0418\u0429\u0415 \u0412 \u0417\u0410\u041c\u041e\u0421\u0422\u0406<\/strong><\/p>\n<p>\u0415\u043b\u0435\u043a\u0442\u0440\u043e\u043d\u043d\u0430 \u043f\u043e\u0448\u0442\u0430: szkola@rzemieslnicza.pl<br \/>\n\u0422\u0435\u043b\u0435\u0444\u043e\u043d: (84) 639 79 17<\/p>\n<p><strong>\u0428\u041a\u0406\u041b\u042c\u041d\u0418\u0419 \u0421\u0415\u041a\u0420\u0415\u0422\u0410\u0420\u0406\u0410\u0422<\/strong><br \/>\n\u0412\u0443\u043b\u0438\u0446\u044f \u041a\u0440\u0430\u0441\u043d\u043e\u0431\u0440\u043e\u0434\u0441\u044c\u043a\u0430 9, 22-400 \u0417\u0430\u043c\u043e\u0441\u0442\u044c, \u041f\u043e\u043b\u044c\u0449\u0430<br \/>\n\u041f\u043e\u043d\u0435\u0434\u0456\u043b\u043e\u043a. - \u041f\u043d-\u043f\u0442 08:00-15:00<\/p>\n<p><strong>\u0414\u0418\u0420\u0415\u041a\u0422\u041e\u0420 \u0428\u041a\u041e\u041b\u0418<\/strong><br \/>\n\u0410\u043d\u043d\u0430 \u0413\u043e\u0434\u0437\u0456\u0448\u0435\u0432\u0441\u044c\u043a\u0430, \u043c\u0430\u0433\u0456\u0441\u0442\u0440<\/p>\n<p><strong>\u0428\u041a\u0406\u041b\u042c\u041d\u0418\u0419 \u0412\u0427\u0418\u0422\u0415\u041b\u042c<\/strong><br \/>\n\u041a\u0430\u0442\u0430\u0436\u0438\u043d\u0430 \u041b\u0430\u043f\u0430, \u043c\u0430\u0433\u0456\u0441\u0442\u0440 \u043c\u0430\u0433\u0456\u0441\u0442\u0440\u0430\u0442\u0443\u0440\u0438<\/p>\n<p><strong>\u0428\u041a\u0406\u041b\u042c\u041d\u0418\u0419 \u041f\u0421\u0418\u0425\u041e\u041b\u041e\u0413<\/strong><br \/>\n\u041f\u0430\u043d\u0456 \u0421\u0438\u043b\u044c\u0432\u0456\u044f \u041f\u044c\u043e\u0442\u0440\u043e\u0432\u0441\u044c\u043a\u0430<\/p>\n<p><strong>\u041f\u0420\u0415\u0414\u0421\u0422\u0410\u0412\u041d\u0418\u041a\u041e\u041c \u041d\u0410\u0428\u041e\u0407 \u0428\u041a\u041e\u041b\u0418 \u0412 \u0423\u041a\u0420\u0410\u0407\u041d\u0406 \u0404<\/strong><br \/>\n\u041d\u043e\u0432\u0430\u0446\u044c\u043a\u0438\u0439 \u0412\u043e\u043b\u043e\u0434\u0438\u043c\u0438\u0440 (\u041d\u043e\u0432\u0430\u0446\u044c\u043a\u0438\u0439 \u0412\u043e\u043b\u043e\u0434\u0438\u043c\u0438\u0440)<br \/>\n\u0422\u0435\u043b. +380673620425, +380503750547<\/p>\n<\/div>\n\t\t<\/div>\n\t\t<\/div>\n\t<\/div>\n<\/div><\/div><\/div><\/div><div class=\"vc_row-full-width vc_clearfix\"><\/div>\n<\/div>","protected":false},"excerpt":{"rendered":"2016 V miejsce dla Aleksandry Ma\u0142eckiej w Otwartych Mistrzostwach Fryzjerstwa Polskiego w Poznaniu \u2013 maj 2016 XV miejsce dla Patrycji Szczepa\u0144skiej w Otwartych Mistrzostwach Fryzjerstwa Polskiego w [...]","protected":false},"author":1,"featured_media":0,"parent":0,"menu_order":0,"comment_status":"closed","ping_status":"closed","template":"","meta":{"footnotes":""},"class_list":["post-6570","page","type-page","status-publish","hentry"],"_links":{"self":[{"href":"https:\/\/www.rzemieslnicza.pl\/uk\/wp-json\/wp\/v2\/pages\/6570","targetHints":{"allow":["GET"]}}],"collection":[{"href":"https:\/\/www.rzemieslnicza.pl\/uk\/wp-json\/wp\/v2\/pages"}],"about":[{"href":"https:\/\/www.rzemieslnicza.pl\/uk\/wp-json\/wp\/v2\/types\/page"}],"author":[{"embeddable":true,"href":"https:\/\/www.rzemieslnicza.pl\/uk\/wp-json\/wp\/v2\/users\/1"}],"replies":[{"embeddable":true,"href":"https:\/\/www.rzemieslnicza.pl\/uk\/wp-json\/wp\/v2\/comments?post=6570"}],"version-history":[{"count":8,"href":"https:\/\/www.rzemieslnicza.pl\/uk\/wp-json\/wp\/v2\/pages\/6570\/revisions"}],"predecessor-version":[{"id":6578,"href":"https:\/\/www.rzemieslnicza.pl\/uk\/wp-json\/wp\/v2\/pages\/6570\/revisions\/6578"}],"wp:attachment":[{"href":"https:\/\/www.rzemieslnicza.pl\/uk\/wp-json\/wp\/v2\/media?parent=6570"}],"curies":[{"name":"wp","href":"https:\/\/api.w.org\/{rel}","templated":true}]}}