{"id":6561,"date":"2024-03-27T11:14:25","date_gmt":"2024-03-27T11:14:25","guid":{"rendered":"https:\/\/www.rzemieslnicza.pl\/?page_id=6561"},"modified":"2025-03-05T18:15:09","modified_gmt":"2025-03-05T18:15:09","slug":"o-nas","status":"publish","type":"page","link":"https:\/\/www.rzemieslnicza.pl\/uk\/o-nas\/","title":{"rendered":"\u041f\u0440\u043e \u043d\u0430\u0441"},"content":{"rendered":"<div class=\"wpb-content-wrapper\"><div data-vc-full-width=\"true\" data-vc-full-width-init=\"false\" class=\"vc_row wpb_row vc_row-fluid vc_custom_1711538464132 vc_column-gap-35\"><div class=\"wpb_column vc_column_container vc_col-sm-8\"><div class=\"vc_column-inner vc_custom_1516095665984\"><div class=\"wpb_wrapper\">\n\t<div class=\"wpb_text_column wpb_content_element\" >\n\t\t<div class=\"wpb_wrapper\">\n\t\t\t<div class=\"twelve columns mb45\">\n<div class=\"gdl-page-content\">\n<p><strong>\u0420\u0435\u043c\u0456\u0441\u043d\u0438\u0447\u0430 \u043f\u0440\u043e\u043c\u0438\u0441\u043b\u043e\u0432\u0430 \u0448\u043a\u043e\u043b\u0430 \u043f\u0435\u0440\u0448\u043e\u0433\u043e \u0441\u0442\u0443\u043f\u0435\u043d\u044f \u0432 \u0417\u0430\u043c\u043e\u0441\u0442\u0456<\/strong>\u00a0jest szko\u0142\u0105 niepubliczn\u0105 i dzia\u0142a od\u00a0<strong>2004 roku<\/strong>. Ide\u0105 jej powstania od samego pocz\u0105tku istnienia by\u0142o stworzenie bezp\u0142atnej plac\u00f3wki edukacyjnej, pozwalaj\u0105cej m\u0142odzie\u017cy na zdobycie gruntownego przygotowania zawodowego popartego praktyk\u0105, kt\u00f3re pozwoli m\u0142odym ludziom na wkroczenie w \u017cycie zawodowe z pe\u0142nym przygotowaniem.<\/p>\n<p>Nasza szko\u0142a przede wszystkim przygotowuje do wykonywania zawodu, aby jej absolwent \u00a0jak najszybciej m\u00f3g\u0142 wej\u015b\u0107 na rynek pracy. Nie uczysz si\u0119 w niej przedmiot\u00f3w rozszerzonych, kt\u00f3re potrzebne s\u0105 do zdania matury. Uczysz si\u0119 niewielkiej liczby przedmiot\u00f3w og\u00f3lnokszta\u0142c\u0105cych oraz przedmiot\u00f3w zawodowych.<\/p>\n<p>Najwi\u0119cej czasu w bran\u017cowej szkole I stopnia przeznacza si\u0119 na\u00a0<strong>zaj\u0119cia praktyczne<\/strong>, kt\u00f3re realizowane s\u0105 u Pracodawc\u00f3w. Warto wiedzie\u0107, \u017ce w wybranym miejscu pracy nale\u017cy podpisa\u0107 umow\u0119 o prac\u0119 dla pracownika m\u0142odocianego. Tylko wtedy otrzymuje si\u0119 wynagrodzenie! Jest ono obliczane w stosunku procentowym do przeci\u0119tnego miesi\u0119cznego wynagrodzenia w gospodarce narodowej w poprzednim kwartale. W pierwszym roku nauki w bran\u017cowej szkole I stopnia wynagrodzenie wynosi nie mniej ni\u017c 5%, w drugim roku nie mniej ni\u017c 6%, a w trzecim roku nauki nie mniej ni\u017c 7% przeci\u0119tnego miesi\u0119cznego wynagrodzenia.<\/p>\n<p>Od 1 marca 2025 r. do 31 maja 2025 r. wynagrodzenie <strong>m\u0142odocianych odbywaj\u0105cych nauk\u0119 zawodu<\/strong> nie mo\u017ce by\u0107 ni\u017csze ni\u017c:<\/p>\n<table style=\"height: 321px;\" width=\"794\">\n<tbody>\n<tr>\n<td>w pierwszym roku nauki lub klasie I bran\u017cowej szko\u0142y I stopnia w przypadku m\u0142odocianego realizuj\u0105cego dokszta\u0142canie teoretyczne w tej szkole;<\/td>\n<td><b>678,18 z\u0142<\/b><\/td>\n<\/tr>\n<tr>\n<td width=\"388\">w drugim roku nauki lub klasie II bran\u017cowej szko\u0142y I stopnia w przypadku m\u0142odocianego realizuj\u0105cego dokszta\u0142canie teoretyczne w tej szkole;<\/td>\n<td width=\"199\"><b>762,95 z\u0142<\/b><\/td>\n<\/tr>\n<tr>\n<td width=\"388\">w trzecim roku nauki lub klasie III bran\u017cowej szko\u0142y I stopnia w przypadku m\u0142odocianego realizuj\u0105cego dokszta\u0142canie teoretyczne w tej szkole.<\/td>\n<td width=\"199\"><b>847,21 z\u0142<\/b><\/td>\n<\/tr>\n<\/tbody>\n<\/table>\n<p>&nbsp;<\/p>\n<p>Je\u015bli chcesz, mo\u017cesz te\u017c zdoby\u0107 przygotowanie zawodowe w wybranym przez siebie zak\u0142adzie pracy. Nale\u017cy jedynie zg\u0142osi\u0107 si\u0119 z tym pomys\u0142em do swojej szko\u0142y i po uzyskaniu zgody przyst\u0105pi\u0107 do nauki zawodu.<\/p>\n<p>Wyb\u00f3r odpowiedniego miejsca pracy jest bardzo wa\u017cny, poniewa\u017c to w nim sp\u0119dza si\u0119 wi\u0119kszo\u015b\u0107 czasu szkolnego.\u00a0<strong>Zaj\u0119cia praktyczne stanowi\u0105 minimum 60% godzin nauki w bran\u017cowej szkole I stopnia.<\/strong><\/p>\n<p>W dobie otwartych granic i zmieniaj\u0105cej si\u0119 rzeczywisto\u015bci staramy si\u0119 da\u0107 naszym uczniom jak najwi\u0119cej umiej\u0119tno\u015bci i kszta\u0142towa\u0107 ich postawy aby byli dobrze przygotowani do podejmowania wyzwa\u0144, kt\u00f3re postawi przed nimi \u017cycie. Opr\u00f3cz nauki zawodu, j\u0119zyk\u00f3w, k\u00f3\u0142 zainteresowa\u0144 oraz artystycznych pragniemy w naszej szkole propagowa\u0107 zdrowy tryb \u017cycia, umo\u017cliwiaj\u0105c naszym uczniom korzystanie z bogatego zaplecza sportowego i pomocy profesjonalnej kadry nauczycieli i trener\u00f3w. Nauka w szkole jest\u00a0<strong>bezp\u0142atna<\/strong>.<\/p>\n<h3>Naszym uczniom zapewniamy:<\/h3>\n<ul>\n<li>Praktyczn\u0105 nauk\u0119 zawodu w najlepszych zak\u0142adach rzemie\u015blniczych oraz salonach i serwisach samochodowych w Zamo\u015bciu i Lublinie;<\/li>\n<li>Gruntowne teoretyczne i praktyczne podstawy;<\/li>\n<li><strong>Wynagrodzenie za praktyczn\u0105 nauk\u0119 zawodu<\/strong>, uregulowany ZUS;<\/li>\n<li><strong>Kwalifikacje uznawane w Unii Europejskiej<\/strong>;<\/li>\n<li>Szeroki wachlarz mo\u017cliwo\u015bci rozwoju;<\/li>\n<li>Mo\u017cliwo\u015b\u0107 kontynuowania nauki w technikum lub liceum;<\/li>\n<li>Bogate zaplecze sportowe (si\u0142ownia, aerobik i inne).<\/li>\n<\/ul>\n<p>Dla ch\u0119tnych zapewniamy dodatkowe lekcje z j\u0119zyk\u00f3w obcych \u2013 mi\u0119dzy innymi z angielskiego i niemieckiego.<\/p>\n<p>Szko\u0142a wsp\u00f3\u0142pracuje z\u00a0<strong>Cechem Rzemie\u015blnik\u00f3w i Ma\u0142ych Przedsi\u0119biorc\u00f3w w Zamo\u015bciu\u00a0<\/strong>oraz<strong>\u00a0Niepublicznym Technikum Uzupe\u0142niaj\u0105cym w Zamo\u015bciu.<\/strong><\/p>\n<\/div>\n<\/div>\n\n\t\t<\/div>\n\t<\/div>\n<\/div><\/div><\/div><div class=\"wpb_column vc_column_container vc_col-sm-4\"><div class=\"vc_column-inner\"><div class=\"wpb_wrapper\"><div  class=\"wpb_widgetised_column wpb_content_element\">\n\t\t<div class=\"wpb_wrapper\">\n\t\t\t\n\t\t\t<div id=\"text-4\" class=\"blog_widget widget_text\"><h5 class=\"widget-title\"><span>\u041a\u041e\u041d\u0422\u0410\u041a\u0422\u041d\u0406 \u0414\u0410\u041d\u0406<\/span><\/h5>\t\t\t<div class=\"textwidget\"><p><strong>\u0420\u0415\u041c\u0406\u0421\u041d\u0418\u0427\u0415 \u041f\u0420\u041e\u0424\u0415\u0421\u0406\u0419\u041d\u041e-\u0422\u0415\u0425\u041d\u0406\u0427\u041d\u0415 \u0423\u0427\u0418\u041b\u0418\u0429\u0415 \u0412 \u0417\u0410\u041c\u041e\u0421\u0422\u0406<\/strong><\/p>\n<p>\u0415\u043b\u0435\u043a\u0442\u0440\u043e\u043d\u043d\u0430 \u043f\u043e\u0448\u0442\u0430: szkola@rzemieslnicza.pl<br \/>\n\u0422\u0435\u043b\u0435\u0444\u043e\u043d: (84) 639 79 17<\/p>\n<p><strong>\u0428\u041a\u0406\u041b\u042c\u041d\u0418\u0419 \u0421\u0415\u041a\u0420\u0415\u0422\u0410\u0420\u0406\u0410\u0422<\/strong><br \/>\n\u0412\u0443\u043b\u0438\u0446\u044f \u041a\u0440\u0430\u0441\u043d\u043e\u0431\u0440\u043e\u0434\u0441\u044c\u043a\u0430 9, 22-400 \u0417\u0430\u043c\u043e\u0441\u0442\u044c, \u041f\u043e\u043b\u044c\u0449\u0430<br \/>\n\u041f\u043e\u043d\u0435\u0434\u0456\u043b\u043e\u043a. - \u041f\u043d-\u043f\u0442 08:00-15:00<\/p>\n<p><strong>\u0414\u0418\u0420\u0415\u041a\u0422\u041e\u0420 \u0428\u041a\u041e\u041b\u0418<\/strong><br \/>\n\u0410\u043d\u043d\u0430 \u0413\u043e\u0434\u0437\u0456\u0448\u0435\u0432\u0441\u044c\u043a\u0430, \u043c\u0430\u0433\u0456\u0441\u0442\u0440<\/p>\n<p><strong>\u0428\u041a\u0406\u041b\u042c\u041d\u0418\u0419 \u0412\u0427\u0418\u0422\u0415\u041b\u042c<\/strong><br \/>\n\u041a\u0430\u0442\u0430\u0436\u0438\u043d\u0430 \u041b\u0430\u043f\u0430, \u043c\u0430\u0433\u0456\u0441\u0442\u0440 \u043c\u0430\u0433\u0456\u0441\u0442\u0440\u0430\u0442\u0443\u0440\u0438<\/p>\n<p><strong>\u0428\u041a\u0406\u041b\u042c\u041d\u0418\u0419 \u041f\u0421\u0418\u0425\u041e\u041b\u041e\u0413<\/strong><br \/>\n\u041f\u0430\u043d\u0456 \u0421\u0438\u043b\u044c\u0432\u0456\u044f \u041f\u044c\u043e\u0442\u0440\u043e\u0432\u0441\u044c\u043a\u0430<\/p>\n<p><strong>\u041f\u0420\u0415\u0414\u0421\u0422\u0410\u0412\u041d\u0418\u041a\u041e\u041c \u041d\u0410\u0428\u041e\u0407 \u0428\u041a\u041e\u041b\u0418 \u0412 \u0423\u041a\u0420\u0410\u0407\u041d\u0406 \u0404<\/strong><br \/>\n\u041d\u043e\u0432\u0430\u0446\u044c\u043a\u0438\u0439 \u0412\u043e\u043b\u043e\u0434\u0438\u043c\u0438\u0440 (\u041d\u043e\u0432\u0430\u0446\u044c\u043a\u0438\u0439 \u0412\u043e\u043b\u043e\u0434\u0438\u043c\u0438\u0440)<br \/>\n\u0422\u0435\u043b. +380673620425, +380503750547<\/p>\n<\/div>\n\t\t<\/div>\n\t\t<\/div>\n\t<\/div>\n<\/div><\/div><\/div><\/div><div class=\"vc_row-full-width vc_clearfix\"><\/div><div class=\"vc_row wpb_row vc_row-fluid\"><div class=\"wpb_column vc_column_container vc_col-sm-12\"><div class=\"vc_column-inner\"><div class=\"wpb_wrapper\"><\/div><\/div><\/div><\/div>\n<\/div>","protected":false},"excerpt":{"rendered":"Rzemie\u015blnicza Bran\u017cowa Szko\u0142a I Stopnia w Zamo\u015bciu\u00a0jest szko\u0142\u0105 niepubliczn\u0105 i dzia\u0142a od\u00a02004 roku. Ide\u0105 jej powstania od samego pocz\u0105tku istnienia by\u0142o stworzenie bezp\u0142atnej plac\u00f3wki edukacyjnej, pozwalaj\u0105cej m\u0142odzie\u017cy [...]","protected":false},"author":1,"featured_media":0,"parent":0,"menu_order":0,"comment_status":"closed","ping_status":"closed","template":"","meta":{"footnotes":""},"class_list":["post-6561","page","type-page","status-publish","hentry"],"_links":{"self":[{"href":"https:\/\/www.rzemieslnicza.pl\/uk\/wp-json\/wp\/v2\/pages\/6561","targetHints":{"allow":["GET"]}}],"collection":[{"href":"https:\/\/www.rzemieslnicza.pl\/uk\/wp-json\/wp\/v2\/pages"}],"about":[{"href":"https:\/\/www.rzemieslnicza.pl\/uk\/wp-json\/wp\/v2\/types\/page"}],"author":[{"embeddable":true,"href":"https:\/\/www.rzemieslnicza.pl\/uk\/wp-json\/wp\/v2\/users\/1"}],"replies":[{"embeddable":true,"href":"https:\/\/www.rzemieslnicza.pl\/uk\/wp-json\/wp\/v2\/comments?post=6561"}],"version-history":[{"count":11,"href":"https:\/\/www.rzemieslnicza.pl\/uk\/wp-json\/wp\/v2\/pages\/6561\/revisions"}],"predecessor-version":[{"id":8822,"href":"https:\/\/www.rzemieslnicza.pl\/uk\/wp-json\/wp\/v2\/pages\/6561\/revisions\/8822"}],"wp:attachment":[{"href":"https:\/\/www.rzemieslnicza.pl\/uk\/wp-json\/wp\/v2\/media?parent=6561"}],"curies":[{"name":"wp","href":"https:\/\/api.w.org\/{rel}","templated":true}]}}