{"id":6220,"date":"2018-01-22T11:19:04","date_gmt":"2018-01-22T11:19:04","guid":{"rendered":"https:\/\/keydesign-themes.com\/leadengine\/?page_id=6220"},"modified":"2025-10-16T08:31:30","modified_gmt":"2025-10-16T08:31:30","slug":"kontakt","status":"publish","type":"page","link":"https:\/\/www.rzemieslnicza.pl\/uk\/kontakt\/","title":{"rendered":"\u041a\u043e\u043d\u0442\u0430\u043a\u0442\u0438"},"content":{"rendered":"<div class=\"wpb-content-wrapper\"><div data-vc-full-width=\"true\" data-vc-full-width-init=\"false\" class=\"vc_row wpb_row vc_row-fluid vc_custom_1516641975949\"><div class=\"wpb_column vc_column_container vc_col-sm-12\"><div class=\"vc_column-inner vc_custom_1516095665984\"><div class=\"wpb_wrapper\"><div class=\"vc_row wpb_row vc_inner vc_row-fluid vc_custom_1519832365182 vc_row-has-padding-top\"><div class=\"wpb_column vc_column_container vc_col-sm-6 vc_col-lg-6 vc_col-md-12\"><div class=\"vc_column-inner vc_custom_1519832372870\"><div class=\"wpb_wrapper\"><header class=\"kd-section-title col-lg-12 text-left\" ><h2 class=\"separator_off\" >Dane kontaktowe<\/h2><\/header>\n\t<div class=\"wpb_text_column wpb_content_element\" >\n\t\t<div class=\"wpb_wrapper\">\n\t\t\t<p>\u0415\u043b\u0435\u043a\u0442\u0440\u043e\u043d\u043d\u0430 \u043f\u043e\u0448\u0442\u0430: szkola@rzemieslnicza.pl<br \/>\nTelefon: (84) 639 79 17<\/p>\n<p><strong>\u0428\u041a\u0406\u041b\u042c\u041d\u0418\u0419 \u0421\u0415\u041a\u0420\u0415\u0422\u0410\u0420\u0406\u0410\u0422<\/strong><br \/>\n\u0412\u0443\u043b\u0438\u0446\u044f \u041a\u0440\u0430\u0441\u043d\u043e\u0431\u0440\u043e\u0434\u0441\u044c\u043a\u0430 9, 22-400 \u0417\u0430\u043c\u043e\u0441\u0442\u044c, \u041f\u043e\u043b\u044c\u0449\u0430<br \/>\n\u041f\u043e\u043d\u0435\u0434\u0456\u043b\u043e\u043a. - \u041f\u043d-\u043f\u0442 08:00-15:00<\/p>\n<p><strong>\u0414\u0418\u0420\u0415\u041a\u0422\u041e\u0420 \u0428\u041a\u041e\u041b\u0418<\/strong><br \/>\n\u0410\u043d\u043d\u0430 \u0413\u043e\u0434\u0437\u0456\u0448\u0435\u0432\u0441\u044c\u043a\u0430, \u043c\u0430\u0433\u0456\u0441\u0442\u0440<\/p>\n<p><strong>\u0428\u041a\u0406\u041b\u042c\u041d\u0418\u0419 \u0412\u0427\u0418\u0422\u0415\u041b\u042c<\/strong><br \/>\n\u041a\u0430\u0442\u0430\u0436\u0438\u043d\u0430 \u041b\u0430\u043f\u0430, \u043c\u0430\u0433\u0456\u0441\u0442\u0440 \u043c\u0430\u0433\u0456\u0441\u0442\u0440\u0430\u0442\u0443\u0440\u0438<\/p>\n<p><strong>\u0428\u041a\u0406\u041b\u042c\u041d\u0418\u0419 \u041f\u0421\u0418\u0425\u041e\u041b\u041e\u0413<\/strong><br \/>\n\u041f\u0430\u043d\u0456 \u0421\u0438\u043b\u044c\u0432\u0456\u044f \u041f\u044c\u043e\u0442\u0440\u043e\u0432\u0441\u044c\u043a\u0430<\/p>\n<p><strong>\u041f\u0420\u0415\u0414\u0421\u0422\u0410\u0412\u041d\u0418\u041a\u041e\u041c \u041d\u0410\u0428\u041e\u0407 \u0428\u041a\u041e\u041b\u0418 \u0412 \u0423\u041a\u0420\u0410\u0407\u041d\u0406 \u0404<\/strong><br \/>\n\u041d\u043e\u0432\u0430\u0446\u044c\u043a\u0438\u0439 \u0412\u043e\u043b\u043e\u0434\u0438\u043c\u0438\u0440 (\u041d\u043e\u0432\u0430\u0446\u044c\u043a\u0438\u0439 \u0412\u043e\u043b\u043e\u0434\u0438\u043c\u0438\u0440)<br \/>\n\u0422\u0435\u043b. +380673620425, +380503750547<\/p>\n\n\t\t<\/div>\n\t<\/div>\n<\/div><\/div><\/div><div class=\"wpb_column vc_column_container vc_col-sm-6 vc_col-lg-6 vc_col-md-12\"><div class=\"vc_column-inner vc_custom_1519832395134\"><div class=\"wpb_wrapper\"><header class=\"kd-section-title col-lg-12 text-left\" ><h2 class=\"separator_off\" >Formularz kontaktowy<\/h2><\/header><div class=\"vc_empty_space\"   style=\"height: 20px\"><span class=\"vc_empty_space_inner\"><\/span><\/div><div class=\"kd-contact-form full-width-cf\" >\n<div class=\"wpcf7 no-js\" id=\"wpcf7-f8516-o1\" lang=\"pl-PL\" dir=\"ltr\" data-wpcf7-id=\"8516\">\n<div class=\"screen-reader-response\"><p role=\"status\" aria-live=\"polite\" aria-atomic=\"true\"><\/p> <ul><\/ul><\/div>\n<form action=\"\/uk\/wp-json\/wp\/v2\/pages\/6220#wpcf7-f8516-o1\" method=\"post\" class=\"wpcf7-form init\" aria-label=\"Formularz kontaktowy\" novalidate=\"novalidate\" data-status=\"init\" data-trp-original-action=\"\/uk\/wp-json\/wp\/v2\/pages\/6220#wpcf7-f8516-o1\">\n<fieldset class=\"hidden-fields-container\"><input type=\"hidden\" name=\"_wpcf7\" value=\"8516\" \/><input type=\"hidden\" name=\"_wpcf7_version\" value=\"6.1.5\" \/><input type=\"hidden\" name=\"_wpcf7_locale\" value=\"pl_PL\" \/><input type=\"hidden\" name=\"_wpcf7_unit_tag\" value=\"wpcf7-f8516-o1\" \/><input type=\"hidden\" name=\"_wpcf7_container_post\" value=\"0\" \/><input type=\"hidden\" name=\"_wpcf7_posted_data_hash\" value=\"\" \/>\n<\/fieldset>\n<p><label> Twoje imi\u0119 i nazwisko<br \/>\n<span class=\"wpcf7-form-control-wrap\" data-name=\"your-name\"><input size=\"40\" maxlength=\"400\" class=\"wpcf7-form-control wpcf7-text wpcf7-validates-as-required\" autocomplete=\"name\" aria-required=\"true\" aria-invalid=\"false\" value=\"\" type=\"text\" name=\"your-name\" \/><\/span> <\/label>\n<\/p>\n<p><label> Tw\u00f3j adres e-mail<br \/>\n<span class=\"wpcf7-form-control-wrap\" data-name=\"your-email\"><input size=\"40\" maxlength=\"400\" class=\"wpcf7-form-control wpcf7-email wpcf7-validates-as-required wpcf7-text wpcf7-validates-as-email\" autocomplete=\"email\" aria-required=\"true\" aria-invalid=\"false\" value=\"\" type=\"email\" name=\"your-email\" \/><\/span> <\/label>\n<\/p>\n<p><label> Twoja wiadomo\u015bci (opcjonalne)<br \/>\n<span class=\"wpcf7-form-control-wrap\" data-name=\"your-message\"><textarea cols=\"40\" rows=\"10\" maxlength=\"2000\" class=\"wpcf7-form-control wpcf7-textarea\" aria-invalid=\"false\" name=\"your-message\"><\/textarea><\/span> <\/label>\n<\/p>\n<div id=\"cf7sr-69fdcecbc8201\" class=\"cf7sr-g-recaptcha\" data-theme=\"light\" data-type=\"image\" data-size=\"compact\" data-sitekey=\"6LdqWxAqAAAAAH-HWJHIVGbZsZYRuk-1dACO6_ap\"><\/div><span class=\"wpcf7-form-control-wrap cf7sr-recaptcha\" data-name=\"cf7sr-recaptcha\"><input type=\"hidden\" name=\"cf7sr-recaptcha\" value=\"\" class=\"wpcf7-form-control\"><\/span>\n<\/p>\n<p><input class=\"wpcf7-form-control wpcf7-submit has-spinner\" type=\"submit\" value=\"Wy\u015blij\" \/>\n<\/p><div class=\"wpcf7-response-output\" aria-hidden=\"true\"><\/div>\n<input type=\"hidden\" name=\"trp-form-language\" value=\"uk\"\/><\/form>\n<\/div>\n<\/div><\/div><\/div><\/div><\/div><\/div><\/div><\/div><\/div><div class=\"vc_row-full-width vc_clearfix\"><\/div><div class=\"vc_row wpb_row vc_row-fluid\"><div class=\"wpb_column vc_column_container vc_col-sm-12\"><div class=\"vc_column-inner\"><div class=\"wpb_wrapper\"><div class=\"vc_row wpb_row vc_inner vc_row-fluid\"><div class=\"wpb_column vc_column_container vc_col-sm-12\"><div class=\"vc_column-inner\"><div class=\"wpb_wrapper\"><header class=\"kd-section-title col-lg-12 text-left\" ><h2 class=\"separator_off\" >Mapa dojazdu<\/h2><\/header>\n\t<div class=\"wpb_raw_code wpb_content_element wpb_raw_html\" >\n\t\t<div class=\"wpb_wrapper\">\n\t\t\t<iframe src=\"https:\/\/www.google.com\/maps\/embed?pb=!1m18!1m12!1m3!1d2526.7986738319173!2d23.274971577268634!3d50.70512047164193!2m3!1f0!2f0!3f0!3m2!1i1024!2i768!4f13.1!3m3!1m2!1s0x4723676cd0a76851%3A0x67fc748d9667ff2a!2sKrasnobrodzka%209%2C%2022-400%20Zamo%C5%9B%C4%87!5e0!3m2!1spl!2spl!4v1716988065923!5m2!1spl!2spl\" style=\"border:0;\" allowfullscreen=\"\" loading=\"lazy\" referrerpolicy=\"no-referrer-when-downgrade\"><\/iframe>\n\t\t<\/div>\n\t<\/div>\n<\/div><\/div><\/div><\/div><\/div><\/div><\/div><\/div>\n<\/div>","protected":false},"excerpt":{"rendered":"Dane kontaktowe E-mail: szkola@rzemieslnicza.pl Telefon: (84) 639 79 17 SEKRETARIAT SZKO\u0141Y ul. Krasnobrodzka 9, 22-400 Zamo\u015b\u0107 pon. - pt. 08:00-15:00 DYREKTOR SZKO\u0141Y mgr Anna Godziszewska PEDAGOG SZKOLNY [...]","protected":false},"author":1,"featured_media":0,"parent":0,"menu_order":0,"comment_status":"closed","ping_status":"closed","template":"","meta":{"footnotes":""},"class_list":["post-6220","page","type-page","status-publish","hentry"],"_links":{"self":[{"href":"https:\/\/www.rzemieslnicza.pl\/uk\/wp-json\/wp\/v2\/pages\/6220","targetHints":{"allow":["GET"]}}],"collection":[{"href":"https:\/\/www.rzemieslnicza.pl\/uk\/wp-json\/wp\/v2\/pages"}],"about":[{"href":"https:\/\/www.rzemieslnicza.pl\/uk\/wp-json\/wp\/v2\/types\/page"}],"author":[{"embeddable":true,"href":"https:\/\/www.rzemieslnicza.pl\/uk\/wp-json\/wp\/v2\/users\/1"}],"replies":[{"embeddable":true,"href":"https:\/\/www.rzemieslnicza.pl\/uk\/wp-json\/wp\/v2\/comments?post=6220"}],"version-history":[{"count":20,"href":"https:\/\/www.rzemieslnicza.pl\/uk\/wp-json\/wp\/v2\/pages\/6220\/revisions"}],"predecessor-version":[{"id":8914,"href":"https:\/\/www.rzemieslnicza.pl\/uk\/wp-json\/wp\/v2\/pages\/6220\/revisions\/8914"}],"wp:attachment":[{"href":"https:\/\/www.rzemieslnicza.pl\/uk\/wp-json\/wp\/v2\/media?parent=6220"}],"curies":[{"name":"wp","href":"https:\/\/api.w.org\/{rel}","templated":true}]}}