{"id":4948,"date":"2018-01-04T13:47:55","date_gmt":"2018-01-04T13:47:55","guid":{"rendered":"https:\/\/keydesign-themes.com\/leadengine\/?page_id=4948"},"modified":"2024-07-06T14:24:13","modified_gmt":"2024-07-06T14:24:13","slug":"home","status":"publish","type":"page","link":"https:\/\/www.rzemieslnicza.pl\/uk\/","title":{"rendered":"Strona g\u0142\u00f3wna"},"content":{"rendered":"<div class=\"wpb-content-wrapper\"><div data-vc-full-width=\"true\" data-vc-full-width-init=\"false\" class=\"vc_row wpb_row vc_row-fluid vc_custom_1716911260504 vc_row-has-fill vc_row-o-content-middle vc_row-flex\"><div class=\"wpb_column vc_column_container vc_col-sm-12 vc_col-lg-offset-0 vc_col-lg-12 vc_col-md-offset-0 vc_col-md-12 vc_col-sm-offset-0 vc_hidden-sm vc_hidden-xs vc_col-has-fill\"><div class=\"vc_column-inner vc_custom_1716895283745\"><div class=\"wpb_wrapper\"><div id=\"hero-banner\" class=\"vc_row wpb_row vc_inner vc_row-fluid vc_custom_1716911270824 vc_row-has-fill vc_row-has-padding-top vc_row-has-padding-bottom\"><div class=\"wpb_column vc_column_container vc_col-sm-6 vc_col-lg-offset-0 vc_col-lg-6 vc_col-md-offset-0 vc_col-md-6 vc_col-sm-offset-0 vc_hidden-sm vc_hidden-xs\"><div class=\"vc_column-inner\"><div class=\"wpb_wrapper\">\n\t<div class=\"wpb_text_column wpb_content_element\" >\n\t\t<div class=\"wpb_wrapper\">\n\t\t\t<h3>\u00a0\u0417 \u043d\u0430\u043c\u0438 \u0442\u0438 \u0437\u0434\u043e\u0431\u0443\u0434\u0435\u0448 \u043a\u043e\u043d\u043a\u0440\u0435\u0442\u043d\u0443 \u043f\u0440\u043e\u0444\u0435\u0441\u0456\u044e \u043c\u0430\u0439\u0431\u0443\u0442\u043d\u044c\u043e\u0433\u043e!<\/h3>\n\n\t\t<\/div>\n\t<\/div>\n<div class=\"vc_empty_space\"   style=\"height: 56px\"><span class=\"vc_empty_space_inner\"><\/span><\/div><a  href=\"https:\/\/www.rzemieslnicza.pl\/uk\/zawody\/\"  target=\"_self\"  title=\"\u041a\u043e\u043d\u043a\u0443\u0440\u0441\u0438\" class=\"tt_button tt_secondary_button   pull-left kd-animated zoomIn\" data-animation-delay=\"200\"><span class=\"prim_text\">\u041d\u0430\u0448\u0456 \u043a\u043e\u043d\u043a\u0443\u0440\u0441\u0438<\/span><span class=\"iconita\"><\/span><\/a><a  href=\"https:\/\/www.rzemieslnicza.pl\/uk\/rekrutacja\/\"  target=\"_self\"  title=\"\u041a\u043e\u043d\u0442\u0430\u043a\u0442\u0438\" class=\"tt_button    pull-left kd-animated zoomIn\" data-animation-delay=\"200\"><span class=\"prim_text\">\u0420\u0435\u043a\u0440\u0443\u0442\u0438\u043d\u0433<\/span><span class=\"iconita\"><\/span><\/a><\/div><\/div><\/div><\/div><\/div><\/div><\/div><\/div><div class=\"vc_row-full-width vc_clearfix\"><\/div><div id=\"hero-banner-mobile\" data-vc-full-width=\"true\" data-vc-full-width-init=\"false\" data-vc-stretch-content=\"true\" class=\"vc_row wpb_row vc_row-fluid vc_custom_1716911447085 vc_row-has-fill vc_row-has-padding-top vc_row-has-padding-bottom vc_row-has-padding-left vc_row-has-padding-right vc_row-no-padding vc_row-o-content-middle vc_row-flex\"><div class=\"wpb_column vc_column_container vc_col-sm-12 vc_hidden-lg vc_hidden-md\"><div class=\"vc_column-inner\"><div class=\"wpb_wrapper\"><div id=\"hero-banner-image-mobile\" class=\"vc_row wpb_row vc_inner vc_row-fluid\"><div class=\"wpb_column vc_column_container vc_col-sm-12 vc_col-lg-offset-0 vc_col-md-offset-0 vc_col-sm-offset-0 vc_col-xs-12\"><div class=\"vc_column-inner\"><div class=\"wpb_wrapper\">\n\t<div  class=\"wpb_single_image wpb_content_element vc_align_left\">\n\t\t\n\t\t<figure class=\"wpb_wrapper vc_figure\">\n\t\t\t<div class=\"vc_single_image-wrapper   vc_box_border_grey\"><img loading=\"lazy\" decoding=\"async\" width=\"5568\" height=\"4090\" src=\"https:\/\/www.rzemieslnicza.pl\/wp-content\/uploads\/2024\/05\/rzemieslnicza-hero-banner-new-e1716910555977.png\" class=\"vc_single_image-img attachment-full\" alt=\"\" title=\"crafts-hero-banner-new\" srcset=\"https:\/\/www.rzemieslnicza.pl\/wp-content\/uploads\/2024\/05\/rzemieslnicza-hero-banner-new-e1716910555977.png 5568w, https:\/\/www.rzemieslnicza.pl\/wp-content\/uploads\/2024\/05\/rzemieslnicza-hero-banner-new-e1716910555977-300x220.png 300w, https:\/\/www.rzemieslnicza.pl\/wp-content\/uploads\/2024\/05\/rzemieslnicza-hero-banner-new-e1716910555977-1024x752.png 1024w, https:\/\/www.rzemieslnicza.pl\/wp-content\/uploads\/2024\/05\/rzemieslnicza-hero-banner-new-e1716910555977-768x564.png 768w, https:\/\/www.rzemieslnicza.pl\/wp-content\/uploads\/2024\/05\/rzemieslnicza-hero-banner-new-e1716910555977-1536x1128.png 1536w, https:\/\/www.rzemieslnicza.pl\/wp-content\/uploads\/2024\/05\/rzemieslnicza-hero-banner-new-e1716910555977-2048x1504.png 2048w\" sizes=\"auto, (max-width: 5568px) 100vw, 5568px\" \/><\/div>\n\t\t<\/figure>\n\t<\/div>\n<\/div><\/div><\/div><\/div><div class=\"vc_row wpb_row vc_inner vc_row-fluid vc_custom_1716909794109 vc_row-has-fill\"><div class=\"wpb_column vc_column_container vc_col-sm-12 vc_col-lg-offset-0 vc_col-md-offset-0 vc_col-sm-offset-0 vc_col-xs-12\"><div class=\"vc_column-inner\"><div class=\"wpb_wrapper\">\n\t<div class=\"wpb_text_column wpb_content_element\" >\n\t\t<div class=\"wpb_wrapper\">\n\t\t\t<h2>\u00a0\u0417 \u043d\u0430\u043c\u0438 \u0442\u0438 \u0437\u0434\u043e\u0431\u0443\u0434\u0435\u0448 \u043a\u043e\u043d\u043a\u0440\u0435\u0442\u043d\u0443 \u043f\u0440\u043e\u0444\u0435\u0441\u0456\u044e \u043c\u0430\u0439\u0431\u0443\u0442\u043d\u044c\u043e\u0433\u043e!<\/h2>\n\n\t\t<\/div>\n\t<\/div>\n<\/div><\/div><\/div><\/div><div class=\"vc_row wpb_row vc_inner vc_row-fluid vc_custom_1716909801682 vc_row-has-fill\"><div class=\"wpb_column vc_column_container vc_col-sm-6 vc_col-lg-offset-0 vc_col-md-offset-0 vc_col-sm-offset-0 vc_col-xs-12\"><div class=\"vc_column-inner\"><div class=\"wpb_wrapper\"><a style=\"width: 100%;\" href=\"https:\/\/www.rzemieslnicza.pl\/uk\/rekrutacja\/\"  target=\"_self\"  title=\"\u041a\u043e\u043d\u0442\u0430\u043a\u0442\u0438\" class=\"tt_button    pull-left kd-animated zoomIn\" data-animation-delay=\"200\"><span class=\"prim_text\">\u0420\u0435\u043a\u0440\u0443\u0442\u0438\u043d\u0433<\/span><span class=\"iconita\"><\/span><\/a><\/div><\/div><\/div><div class=\"wpb_column vc_column_container vc_col-sm-6 vc_col-xs-12\"><div class=\"vc_column-inner\"><div class=\"wpb_wrapper\"><a  href=\"https:\/\/www.rzemieslnicza.pl\/uk\/zawody\/\"  target=\"_self\"  title=\"\u041a\u043e\u043d\u043a\u0443\u0440\u0441\u0438\" class=\"tt_button tt_secondary_button   pull-left kd-animated zoomIn\" data-animation-delay=\"200\"><span class=\"prim_text\">\u041d\u0430\u0448\u0456 \u043a\u043e\u043d\u043a\u0443\u0440\u0441\u0438<\/span><span class=\"iconita\"><\/span><\/a><\/div><\/div><\/div><\/div><\/div><\/div><\/div><\/div><div class=\"vc_row-full-width vc_clearfix\"><\/div><div data-vc-full-width=\"true\" data-vc-full-width-init=\"false\" class=\"vc_row wpb_row vc_row-fluid vc_custom_1518008697425\"><div class=\"wpb_column vc_column_container vc_col-sm-12\"><div class=\"vc_column-inner vc_custom_1515687105834\"><div class=\"wpb_wrapper\"><div class=\"vc_row wpb_row vc_inner vc_row-fluid vc_custom_1716883977919 vc_row-has-padding-bottom vc_column-gap-5 vc_row-o-equal-height vc_row-o-content-top vc_row-flex\"><div class=\"wpb_column vc_column_container vc_col-sm-4\"><div class=\"vc_column-inner\"><div class=\"wpb_wrapper\"><div class=\"cb-container   kd-animated fadeInUp\" style=\"background-color: #fff;\" ><a href=\"\"  ><div class=\"cb-img-area\"><i class=\"iconsmind-Aerobics fa\" style=\" \"><\/i> <\/div><div class=\"cb-text-area\">\n                    <h4 class=\"cb-heading\" >\u0421\u0442\u0430\u043d\u044c\u0442\u0435 \u0444\u0430\u0445\u0456\u0432\u0446\u0435\u043c \u0443 \u0441\u0432\u043e\u0457\u0439 \u0433\u0430\u043b\u0443\u0437\u0456<\/h4><p >\u041c\u0438 \u0437\u0430\u0431\u0435\u0437\u043f\u0435\u0447\u0438\u043c\u043e \u0432\u0430\u043c \u043a\u043e\u043c\u043f\u043b\u0435\u043a\u0441\u043d\u0435 \u043d\u0430\u0432\u0447\u0430\u043d\u043d\u044f \u0442\u0430 \u043f\u0456\u0434\u0442\u0440\u0438\u043c\u043a\u0443, \u0449\u043e\u0431 \u0432\u0438 \u0441\u0442\u0430\u043b\u0438 \u0435\u043a\u0441\u043f\u0435\u0440\u0442\u043e\u043c \u0443 \u0441\u0432\u043e\u0457\u0439 \u0433\u0430\u043b\u0443\u0437\u0456.<\/p><\/div><\/a><\/div><\/div><\/div><\/div><div class=\"wpb_column vc_column_container vc_col-sm-4\"><div class=\"vc_column-inner\"><div class=\"wpb_wrapper\"><div class=\"cb-container   kd-animated fadeInUp\" style=\"background-color: #fff;\" data-animation-delay=\"200\"><a href=\"\"  ><div class=\"cb-img-area\"><i class=\"iconsmind-Apple-Store fa\" style=\" \"><\/i> <\/div><div class=\"cb-text-area\">\n                    <h4 class=\"cb-heading\" >\u041c\u0438 \u0437\u043e\u0441\u0435\u0440\u0435\u0434\u0436\u0443\u0454\u043c\u043e\u0441\u044f \u043d\u0430 \u043f\u0440\u0430\u043a\u0442\u0438\u0446\u0456<\/h4><p >\u0414\u043e 2 000 \u0433\u043e\u0434\u0438\u043d \u043e\u043f\u043b\u0430\u0447\u0443\u0432\u0430\u043d\u043e\u0457 \u043f\u0440\u0430\u043a\u0442\u0438\u043a\u0438 \u0434\u043b\u044f \u043a\u043e\u0436\u043d\u043e\u0433\u043e \u0441\u0442\u0443\u0434\u0435\u043d\u0442\u0430.<\/p><\/div><\/a><\/div><\/div><\/div><\/div><div class=\"wpb_column vc_column_container vc_col-sm-4\"><div class=\"vc_column-inner\"><div class=\"wpb_wrapper\"><div class=\"cb-container   kd-animated fadeInUp\" style=\"background-color: #fff;\" data-animation-delay=\"400\"><a href=\"\"  ><div class=\"cb-img-area\"><i class=\"iconsmind-Air-Balloon fa\" style=\" \"><\/i> <\/div><div class=\"cb-text-area\">\n                    <h4 class=\"cb-heading\" >\u041f\u0456\u0434\u0433\u043e\u0442\u0443\u0439\u0442\u0435\u0441\u044f \u0434\u043e \u043c\u0430\u0439\u0431\u0443\u0442\u043d\u044c\u043e\u0433\u043e \u0432\u0436\u0435 \u0441\u044c\u043e\u0433\u043e\u0434\u043d\u0456<\/h4><p >\u0423 \u043d\u0430\u0448\u043e\u043c\u0443 \u043f\u0440\u043e\u0444\u0435\u0441\u0456\u0439\u043d\u043e-\u0442\u0435\u0445\u043d\u0456\u0447\u043d\u043e\u043c\u0443 \u0443\u0447\u0438\u043b\u0438\u0449\u0456 \u0432\u0438 \u0437\u0434\u043e\u0431\u0443\u0434\u0435\u0442\u0435 \u043a\u043e\u043d\u043a\u0440\u0435\u0442\u043d\u0456 \u043d\u0430\u0432\u0438\u0447\u043a\u0438, \u043d\u0435\u043e\u0431\u0445\u0456\u0434\u043d\u0456 \u043d\u0430 \u0440\u0438\u043d\u043a\u0443 \u043f\u0440\u0430\u0446\u0456.<\/p><\/div><\/a><\/div><\/div><\/div><\/div><\/div><\/div><\/div><\/div><\/div><div class=\"vc_row-full-width vc_clearfix\"><\/div><div data-vc-full-width=\"true\" data-vc-full-width-init=\"false\" class=\"vc_row wpb_row vc_row-fluid vc_custom_1718352083210\"><div class=\"wpb_column vc_column_container vc_col-sm-12\"><div class=\"vc_column-inner vc_custom_1515750995797\"><div class=\"wpb_wrapper\"><header class=\"kd-section-title vc_col-lg-4 vc_col-sm-8 text-center  kd-animated fadeIn   vc_custom_1713787169648\" data-animation-delay=\"200\"><h2 class=\"separator_off\" >\u041d\u0430\u0448\u0456 \u043a\u043e\u043d\u043a\u0443\u0440\u0441\u0438<\/h2><h6 class=\"subtitle\" >\u041c\u0438 \u0437\u043d\u0430\u0454\u043c\u043e \u0441\u0432\u043e\u044e \u0441\u043f\u0440\u0430\u0432\u0443 - \u043c\u0438 \u0432\u0436\u0435 \u0432\u0438\u0445\u043e\u0432\u0430\u043b\u0438 \u043a\u0456\u043b\u044c\u043a\u0430 \u0442\u0438\u0441\u044f\u0447 \u043f\u0440\u043e\u0444\u0435\u0441\u0456\u043e\u043d\u0430\u043b\u0456\u0432!<\/h6><\/header><div class=\"vc_row wpb_row vc_inner vc_row-fluid\"><div class=\"wpb_column vc_column_container vc_col-sm-12\"><div class=\"vc_column-inner vc_custom_1515750986980\"><div class=\"wpb_wrapper\">\n\t<div class=\"wpb_text_column wpb_content_element\" >\n\t\t<div class=\"wpb_wrapper\">\n\t\t\t<div class=\"owl-wrapper\"><div id=\"professions\" class=\"owl-carousel owl-theme\"><div class=\"item\"><div class=\"item-inner\"><a href=\"https:\/\/www.rzemieslnicza.pl\/uk\/zawody\/blacharz-samochodowy\/\" class=\"linked-image\"><img decoding=\"async\" src=\"https:\/\/www.rzemieslnicza.pl\/wp-content\/uploads\/2017\/12\/2427-300x300.jpg\" class=\"carousel-image\" alt=\"\"\/><\/a><h4>Blacharz samochodowy<\/h4><\/div><\/div><div class=\"item\"><div class=\"item-inner\"><a href=\"https:\/\/www.rzemieslnicza.pl\/uk\/zawody\/stolarz\/\" class=\"linked-image\"><img decoding=\"async\" src=\"https:\/\/www.rzemieslnicza.pl\/wp-content\/uploads\/2024\/05\/stolarz-220x220-1-300x300.jpg\" class=\"carousel-image\" alt=\"\"\/><\/a><h4>Stolarz<\/h4><\/div><\/div><div class=\"item\"><div class=\"item-inner\"><a href=\"https:\/\/www.rzemieslnicza.pl\/uk\/zawody\/slusarz\/\" class=\"linked-image\"><img decoding=\"async\" src=\"https:\/\/www.rzemieslnicza.pl\/wp-content\/uploads\/2024\/05\/slusarz-220x220-1-300x300.jpg\" class=\"carousel-image\" alt=\"\"\/><\/a><h4>\u015alusarz<\/h4><\/div><\/div><div class=\"item\"><div class=\"item-inner\"><a href=\"https:\/\/www.rzemieslnicza.pl\/uk\/zawody\/piekarz\/\" class=\"linked-image\"><img decoding=\"async\" src=\"https:\/\/www.rzemieslnicza.pl\/wp-content\/uploads\/2024\/05\/piekarz-220x220-1-300x300.jpg\" class=\"carousel-image\" alt=\"\"\/><\/a><h4>Piekarz<\/h4><\/div><\/div><div class=\"item\"><div class=\"item-inner\"><a href=\"https:\/\/www.rzemieslnicza.pl\/uk\/zawody\/operator-obrabiarek-skrawajacych\/\" class=\"linked-image\"><img decoding=\"async\" src=\"https:\/\/www.rzemieslnicza.pl\/wp-content\/uploads\/2024\/05\/operator-obrabiarek-skrawajacych-220x220-1-300x300.jpg\" class=\"carousel-image\" alt=\"\"\/><\/a><h4>Operator obrabiarek skrawaj\u0105cych<\/h4><\/div><\/div><div class=\"item\"><div class=\"item-inner\"><a href=\"https:\/\/www.rzemieslnicza.pl\/uk\/zawody\/murarz-tynkarz\/\" class=\"linked-image\"><img decoding=\"async\" src=\"https:\/\/www.rzemieslnicza.pl\/wp-content\/uploads\/2024\/05\/murarz-tynkarz-220x220-1-300x300.jpg\" class=\"carousel-image\" alt=\"\"\/><\/a><h4>Murarz \u2013 tynkarz<\/h4><\/div><\/div><div class=\"item\"><div class=\"item-inner\"><a href=\"https:\/\/www.rzemieslnicza.pl\/uk\/zawody\/monter-zabudowy-i-robot-wykonczeniowych-w-budownictwie\/\" class=\"linked-image\"><img decoding=\"async\" src=\"https:\/\/www.rzemieslnicza.pl\/wp-content\/uploads\/2024\/05\/monter-zabudowy-i-robot-wykonczeniowych-w-budownictwie-220x220-1-300x300.jpg\" class=\"carousel-image\" alt=\"\"\/><\/a><h4>Monter zabudowy i rob\u00f3t wyko\u0144czeniowych w budownictwie<\/h4><\/div><\/div><div class=\"item\"><div class=\"item-inner\"><a href=\"https:\/\/www.rzemieslnicza.pl\/uk\/zawody\/monter-sieci-instalacji-i-urzadzen-sanitarnych\/\" class=\"linked-image\"><img decoding=\"async\" src=\"https:\/\/www.rzemieslnicza.pl\/wp-content\/uploads\/2024\/05\/monter-sieci-instalacji-i-urzadzen-sanitarnych-220x220-1-300x300.jpg\" class=\"carousel-image\" alt=\"\"\/><\/a><h4>Monter sieci i instalacji sanitarnych<\/h4><\/div><\/div><div class=\"item\"><div class=\"item-inner\"><a href=\"https:\/\/www.rzemieslnicza.pl\/uk\/zawody\/monter-konstrukcji-budowlanych\/\" class=\"linked-image\"><img decoding=\"async\" src=\"https:\/\/www.rzemieslnicza.pl\/wp-content\/uploads\/2024\/05\/monter-konstrukcji-budowlanych-220x220-1-300x300.jpg\" class=\"carousel-image\" alt=\"\"\/><\/a><h4>Monter konstrukcji budowlanych<\/h4><\/div><\/div><div class=\"item\"><div class=\"item-inner\"><a href=\"https:\/\/www.rzemieslnicza.pl\/uk\/zawody\/mechanik-pojazdow-samochodowych\/\" class=\"linked-image\"><img decoding=\"async\" src=\"https:\/\/www.rzemieslnicza.pl\/wp-content\/uploads\/2024\/05\/mechanik-pojazdow-samochodowych-220x220-1-300x300.jpg\" class=\"carousel-image\" alt=\"\"\/><\/a><h4>Mechanik pojazd\u00f3w samochodowych<\/h4><\/div><\/div><div class=\"item\"><div class=\"item-inner\"><a href=\"https:\/\/www.rzemieslnicza.pl\/uk\/zawody\/lakiernik\/\" class=\"linked-image\"><img decoding=\"async\" src=\"https:\/\/www.rzemieslnicza.pl\/wp-content\/uploads\/2024\/05\/lakiernik1-220x220-1-300x300.jpg\" class=\"carousel-image\" alt=\"\"\/><\/a><h4>Lakiernik samochodowy<\/h4><\/div><\/div><div class=\"item\"><div class=\"item-inner\"><a href=\"https:\/\/www.rzemieslnicza.pl\/uk\/zawody\/kucharz\/\" class=\"linked-image\"><img decoding=\"async\" src=\"https:\/\/www.rzemieslnicza.pl\/wp-content\/uploads\/2024\/05\/kucharz-220x220-1-300x300.jpg\" class=\"carousel-image\" alt=\"\"\/><\/a><h4>Kucharz<\/h4><\/div><\/div><div class=\"item\"><div class=\"item-inner\"><a href=\"https:\/\/www.rzemieslnicza.pl\/uk\/zawody\/krawiec\/\" class=\"linked-image\"><img decoding=\"async\" src=\"https:\/\/www.rzemieslnicza.pl\/wp-content\/uploads\/2024\/05\/Krawiec1-220x220-1-300x300.jpg\" class=\"carousel-image\" alt=\"\"\/><\/a><h4>Krawiec<\/h4><\/div><\/div><div class=\"item\"><div class=\"item-inner\"><a href=\"https:\/\/www.rzemieslnicza.pl\/uk\/zawody\/kowal\/\" class=\"linked-image\"><img decoding=\"async\" src=\"https:\/\/www.rzemieslnicza.pl\/wp-content\/uploads\/2024\/05\/kowal-220x220-1-300x300.jpg\" class=\"carousel-image\" alt=\"\"\/><\/a><h4>Kowal<\/h4><\/div><\/div><div class=\"item\"><div class=\"item-inner\"><a href=\"https:\/\/www.rzemieslnicza.pl\/uk\/zawody\/fryzjer\/\" class=\"linked-image\"><img decoding=\"async\" src=\"https:\/\/www.rzemieslnicza.pl\/wp-content\/uploads\/2024\/05\/fryzjer-220x220-1-300x300.jpg\" class=\"carousel-image\" alt=\"\"\/><\/a><h4>Fryzjer<\/h4><\/div><\/div><div class=\"item\"><div class=\"item-inner\"><a href=\"https:\/\/www.rzemieslnicza.pl\/uk\/zawody\/elektromechanik-pojazdow-samochodowych\/\" class=\"linked-image\"><img decoding=\"async\" src=\"https:\/\/www.rzemieslnicza.pl\/wp-content\/uploads\/2024\/05\/elektromechanik-pojazdow-samochodowych-220x220-1-300x300.jpg\" class=\"carousel-image\" alt=\"\"\/><\/a><h4>Elektromechanik pojazd\u00f3w samochodowych<\/h4><\/div><\/div><div class=\"item\"><div class=\"item-inner\"><a href=\"https:\/\/www.rzemieslnicza.pl\/uk\/zawody\/dekarz\/\" class=\"linked-image\"><img decoding=\"async\" src=\"https:\/\/www.rzemieslnicza.pl\/wp-content\/uploads\/2024\/04\/Dekarz-300x300.jpg\" class=\"carousel-image\" alt=\"\"\/><\/a><h4>Dekarz<\/h4><\/div><\/div><div class=\"item\"><div class=\"item-inner\"><a href=\"https:\/\/www.rzemieslnicza.pl\/uk\/zawody\/cukiernik\/\" class=\"linked-image\"><img decoding=\"async\" src=\"https:\/\/www.rzemieslnicza.pl\/wp-content\/uploads\/2024\/04\/cukiernik-300x300.jpg\" class=\"carousel-image\" alt=\"\"\/><\/a><h4>Cukiernik<\/h4><\/div><\/div><\/div><\/div>\n\n\t\t<\/div>\n\t<\/div>\n<\/div><\/div><\/div><\/div><\/div><\/div><\/div><\/div><div class=\"vc_row-full-width vc_clearfix\"><\/div><div data-vc-full-width=\"true\" data-vc-full-width-init=\"false\" class=\"vc_row wpb_row vc_row-fluid\"><div class=\"wpb_column vc_column_container vc_col-sm-12\"><div class=\"vc_column-inner vc_custom_1515750995797\"><div class=\"wpb_wrapper\"><header class=\"kd-section-title vc_col-lg-4 vc_col-sm-8 text-center  kd-animated fadeIn   vc_custom_1712057683853\" data-animation-delay=\"200\"><h2 class=\"separator_off\" >\u041d\u043e\u0432\u0438\u043d\u0438<\/h2><h6 class=\"subtitle\" >\u0417\u0430\u043e\u0445\u043e\u0447\u0443\u0454\u043c\u043e \u0432\u0430\u0441 \u0432\u0456\u0434\u0432\u0456\u0434\u0443\u0432\u0430\u0442\u0438 \u043d\u0430\u0441 \u0447\u0430\u0441\u0442\u0456\u0448\u0435!<\/h6><\/header><div class=\"vc_row wpb_row vc_inner vc_row-fluid\"><div class=\"wpb_column vc_column_container vc_col-sm-12\"><div class=\"vc_column-inner vc_custom_1515750986980\"><div class=\"wpb_wrapper\">\n\t<div class=\"wpb_text_column wpb_content_element\" >\n\t\t<div class=\"wpb_wrapper\">\n\t\t\t<div class=\"owl-wrapper\"><div id=\"news\" class=\"owl-carousel owl-theme\"><div class=\"item\"><div class=\"item-inner\"><a href=\"https:\/\/www.rzemieslnicza.pl\/uk\/ogolne\/spotkanie-z-doradca-zawodowym-powiatowego-urzedu-pracy\/\" class=\"linked-image\"><img data-src=\"https:\/\/www.rzemieslnicza.pl\/wp-content\/uploads\/2026\/04\/spotkanie-z-doradca-zawodowym1-300x300.jpg\" class=\"carousel-image owl-lazy\" alt=\"\"\/><\/a><h4>Spotkanie z doradc\u0105 zawodowym Powiatowego Urz\u0119du Pracy<\/h4><\/div><\/div><div class=\"item\"><div class=\"item-inner\"><a href=\"https:\/\/www.rzemieslnicza.pl\/uk\/ogolne\/wiosenne-nawyki-dla-dobrego-samopoczucia-zajecia-z-psychologiem-szkolnym\/\" class=\"linked-image\"><img data-src=\"https:\/\/www.rzemieslnicza.pl\/wp-content\/uploads\/2026\/04\/Wiosenne-Nawyki-dla-Dobrego-Samopoczucia2-300x300.jpg\" class=\"carousel-image owl-lazy\" alt=\"\"\/><\/a><h4>Wiosenne Nawyki dla Dobrego Samopoczucia \u2013 Zaj\u0119cia z Psychologiem Szkolnym<\/h4><\/div><\/div><div class=\"item\"><div class=\"item-inner\"><a href=\"https:\/\/www.rzemieslnicza.pl\/uk\/ogolne\/wielkanocne-dekorowanie-jajek\/\" class=\"linked-image\"><img data-src=\"https:\/\/www.rzemieslnicza.pl\/wp-content\/uploads\/2026\/03\/ozdabianie-jajek-1-300x300.jpg\" class=\"carousel-image owl-lazy\" alt=\"\"\/><\/a><h4>Wielkanocne dekorowanie jajek<\/h4><\/div><\/div><div class=\"item\"><div class=\"item-inner\"><a href=\"https:\/\/www.rzemieslnicza.pl\/uk\/ogolne\/tworcze-spotkanie-z-tradycja-wielkanocne-plakaty-uczniow\/\" class=\"linked-image\"><img data-src=\"https:\/\/www.rzemieslnicza.pl\/wp-content\/uploads\/2026\/03\/warszataty-wielkanocne-3-300x300.jpg\" class=\"carousel-image owl-lazy\" alt=\"\"\/><\/a><h4>Tw\u00f3rcze Spotkanie z Tradycj\u0105 \u2013 Wielkanocne Plakaty Uczni\u00f3w<\/h4><\/div><\/div><div class=\"item\"><div class=\"item-inner\"><a href=\"https:\/\/www.rzemieslnicza.pl\/uk\/ogolne\/swiateczny-czas\/\" class=\"linked-image\"><img data-src=\"https:\/\/www.rzemieslnicza.pl\/wp-content\/uploads\/2025\/12\/wig1-300x300.jpg\" class=\"carousel-image owl-lazy\" alt=\"\"\/><\/a><h4>\u015awi\u0105teczny czas&#8230;<\/h4><\/div><\/div><div class=\"item\"><div class=\"item-inner\"><a href=\"https:\/\/www.rzemieslnicza.pl\/uk\/ogolne\/denys-popach-z-uprawnieniami\/\" class=\"linked-image\"><img data-src=\"https:\/\/www.rzemieslnicza.pl\/wp-content\/uploads\/2025\/11\/IMG_1595-300x300.jpg\" class=\"carousel-image owl-lazy\" alt=\"\"\/><\/a><h4>Denys Popach z uprawnieniami<\/h4><\/div><\/div><div class=\"item\"><div class=\"item-inner\"><a href=\"https:\/\/www.rzemieslnicza.pl\/uk\/ogolne\/zajecia-edukacyjne-z-okazji-swieta-niepodleglosci\/\" class=\"linked-image\"><img data-src=\"https:\/\/www.rzemieslnicza.pl\/wp-content\/uploads\/2025\/11\/11-listopada-2025-300x300.jpg\" class=\"carousel-image owl-lazy\" alt=\"\"\/><\/a><h4>Zaj\u0119cia edukacyjne z okazji \u015awi\u0119ta Niepodleg\u0142o\u015bci<\/h4><\/div><\/div><div class=\"item\"><div class=\"item-inner\"><a href=\"https:\/\/www.rzemieslnicza.pl\/uk\/ogolne\/wycieczka-klasy-1a-po-zamosciu\/\" class=\"linked-image\"><img data-src=\"https:\/\/www.rzemieslnicza.pl\/wp-content\/uploads\/2025\/10\/wycieczka-po-Zamosciu-2025-1-300x300.jpeg\" class=\"carousel-image owl-lazy\" alt=\"\"\/><\/a><h4>Wycieczka klasy 1A po Zamo\u015bciu<\/h4><\/div><\/div><\/div><\/div>\n\n\t\t<\/div>\n\t<\/div>\n<\/div><\/div><\/div><\/div><\/div><\/div><\/div><\/div><div class=\"vc_row-full-width vc_clearfix\"><\/div>\n<\/div>","protected":false},"excerpt":{"rendered":"W pi\u0119kny pa\u017adziernikowy dzie\u0144 klasa 1A wybra\u0142a si\u0119 na integracyjn\u0105 wycieczk\u0119 po Zamo\u015bciu. Uczniowie mieli okazj\u0119 pozna\u0107 histori\u0119 i architektur\u0119 miasta, spaceruj\u0105c po urokliwej star\u00f3wce. Wychowawczyni klasy, [...]","protected":false},"author":1,"featured_media":0,"parent":0,"menu_order":0,"comment_status":"closed","ping_status":"closed","template":"","meta":{"footnotes":""},"class_list":["post-4948","page","type-page","status-publish","hentry"],"_links":{"self":[{"href":"https:\/\/www.rzemieslnicza.pl\/uk\/wp-json\/wp\/v2\/pages\/4948","targetHints":{"allow":["GET"]}}],"collection":[{"href":"https:\/\/www.rzemieslnicza.pl\/uk\/wp-json\/wp\/v2\/pages"}],"about":[{"href":"https:\/\/www.rzemieslnicza.pl\/uk\/wp-json\/wp\/v2\/types\/page"}],"author":[{"embeddable":true,"href":"https:\/\/www.rzemieslnicza.pl\/uk\/wp-json\/wp\/v2\/users\/1"}],"replies":[{"embeddable":true,"href":"https:\/\/www.rzemieslnicza.pl\/uk\/wp-json\/wp\/v2\/comments?post=4948"}],"version-history":[{"count":169,"href":"https:\/\/www.rzemieslnicza.pl\/uk\/wp-json\/wp\/v2\/pages\/4948\/revisions"}],"predecessor-version":[{"id":8655,"href":"https:\/\/www.rzemieslnicza.pl\/uk\/wp-json\/wp\/v2\/pages\/4948\/revisions\/8655"}],"wp:attachment":[{"href":"https:\/\/www.rzemieslnicza.pl\/uk\/wp-json\/wp\/v2\/media?parent=4948"}],"curies":[{"name":"wp","href":"https:\/\/api.w.org\/{rel}","templated":true}]}}